{"id":3565,"date":"2025-04-16T17:40:05","date_gmt":"2025-04-16T15:40:05","guid":{"rendered":"https:\/\/www.hotel-simplon-lyon.com\/condizioni-generali-di-noleggio\/"},"modified":"2025-09-30T13:40:22","modified_gmt":"2025-09-30T11:40:22","slug":"termini-e-condizioni-di-locazione","status":"publish","type":"page","link":"https:\/\/www.hotel-simplon-lyon.com\/it\/termini-e-condizioni-di-locazione\/","title":{"rendered":"Termini e condizioni di vendita"},"content":{"rendered":"\n<section class=\"heading wp-elements-482e66c29ce35027ead18a71d7a41c07 wp-elements-482e66c29ce35027ead18a71d7a41c07 wp-block-acf-heading has-text-color has-primary-color has-background has-white-100-background-color\">\n\t<div class=\"heading__container\">\n\t\t\t\t\t<div class=\"heading__background-picture\">\n\t\t\t\t<img decoding=\"async\" width=\"1620\" height=\"1080\" src=\"https:\/\/www.hotel-simplon-lyon.com\/wp-content\/uploads\/sites\/6\/2025\/03\/Hotel-Simplon-Lyon-Perrache_230828_022.jpg\" class=\"attachment-full size-full\" alt=\"Hotel Simplon Lyon Perrache 230828 022\" fetchpriority=\"high\" srcset=\"https:\/\/www.hotel-simplon-lyon.com\/wp-content\/uploads\/sites\/6\/2025\/03\/Hotel-Simplon-Lyon-Perrache_230828_022.jpg 1620w, https:\/\/www.hotel-simplon-lyon.com\/wp-content\/uploads\/sites\/6\/2025\/03\/Hotel-Simplon-Lyon-Perrache_230828_022-600x400.jpg 600w, https:\/\/www.hotel-simplon-lyon.com\/wp-content\/uploads\/sites\/6\/2025\/03\/Hotel-Simplon-Lyon-Perrache_230828_022-1400x933.jpg 1400w, https:\/\/www.hotel-simplon-lyon.com\/wp-content\/uploads\/sites\/6\/2025\/03\/Hotel-Simplon-Lyon-Perrache_230828_022-768x512.jpg 768w, https:\/\/www.hotel-simplon-lyon.com\/wp-content\/uploads\/sites\/6\/2025\/03\/Hotel-Simplon-Lyon-Perrache_230828_022-1536x1024.jpg 1536w\" sizes=\"(max-width: 1620px) 100vw, 1620px\" \/>\t\t\t<\/div>\n\t\t\t\t<div class=\"heading__layout\">\n\t\t\t<div class=\"heading__content-wrapper has-white-100-background-color\">\n\t\t\t\t<div class=\"heading__content has-white-100-background-color\">\n\t\t\t\t\t\t\t\t\t<p id=\"breadcrumbs\"><span><span><a href=\"https:\/\/www.hotel-simplon-lyon.com\/it\/casa\/\">Accueil<\/a><\/span><\/span><\/p>\t\t\t\t\t\t\t\t\t<div class=\"acf-innerblocks-container\">\n\n<div class=\"wp-block-group heading-content-group is-layout-grid wp-container-core-group-is-layout-96b258e4 wp-block-group-is-layout-grid\">\n<h1 class=\"wp-block-heading has-text-align-left heading__title has-primary-color has-text-color has-xx-large-font-size wp-container-content-32a3e683\">Termini e condizioni di vendita<\/h1>\n<\/div>\n\n<\/div>\n\t\t\t\t<\/div>\n\t\t\t\t\t\t\t\t<div class=\"heading__illustration illustration-with-parallax desktop-only\">\n\t\t\t\t\t<img decoding=\"async\" width=\"350\" height=\"350\" src=\"https:\/\/www.hotel-simplon-lyon.com\/wp-content\/uploads\/sites\/6\/2025\/04\/ENCRIER.png\" class=\"attachment-full size-full\" alt=\"ENCRIER\" fetchpriority=\"high\" srcset=\"https:\/\/www.hotel-simplon-lyon.com\/wp-content\/uploads\/sites\/6\/2025\/04\/ENCRIER.png 350w, https:\/\/www.hotel-simplon-lyon.com\/wp-content\/uploads\/sites\/6\/2025\/04\/ENCRIER-300x300.png 300w\" sizes=\"(max-width: 350px) 100vw, 350px\" \/>\t\t\t\t<\/div>\n\t\t\t\t\t\t\t<\/div>\n\t\t<\/div>\n\t<\/div>\n<\/section>\n\n\n\t<section\n\t\tstyle=\"padding-top:var(--wp--preset--spacing--theme-default);padding-bottom:var(--wp--preset--spacing--theme-default);\" class=\"block-container align wp-block-acf-block-container has-background has-white-background-color is-layout-flow wp-block-acf-block-container-is-layout-flow\"\t>\n\n\t\n\n<div class=\"wp-block-group has-global-padding is-layout-constrained wp-block-group-is-layout-constrained\">\n<p>Le presenti Condizioni Generali di Vendita (di seguito denominate &#8221; <strong>\n  <em>le Condizioni Generali<\/em>\n<\/strong> &#8221; o &#8221; <strong>\n  <em>il Contratto<\/em>\n<\/strong> ) sono offerte da <a>SAS <\/a>SOCI\u00c9T\u00c9 H\u00d4TELI\u00c8RE LYONNAISE, iscritta al Registro del Commercio e delle Imprese di LIONE con il numero 954501359, la cui sede legale si trova in 11 rue Duhamel, 69002 LYON (di seguito denominata &#8220;lo Stabilimento&#8221;). <strong>\n  <em>lo Stabilimento<\/em>\n<\/strong> &#8220;).<\/p>\n\n\n\n<p>ARTICOLO 1: CAMPO DI APPLICAZIONE<\/p>\n\n\n\n<p>I presenti Termini e Condizioni Generali si applicano a tutti gli acquisti di servizi di prenotazione di camere d&#8217;albergo e servizi correlati (&#8220;Servizi&#8221;). <strong>\n  <em>i Servizi<\/em>\n<\/strong> &#8220;) offerti dallo stabilimento ai consumatori (di seguito indicati indifferentemente come &#8221; <strong>\n  <em>il Cliente<\/em>\n<\/strong> &#8221; o <strong>\n  <em>&#8220;il Consumatore <\/em>\n<\/strong>&#8220;) attraverso il sito web dell&#8217;Impresa (&#8221; <strong>\n  <em>il Sito<\/em>\n<\/strong> &#8220;).<\/p>\n\n\n\n<p>Le caratteristiche principali dei Servizi sono presentate sul Sito dello Stabilimento. \u00c8 responsabilit\u00e0 del Cliente leggerle prima di effettuare una Prenotazione. <\/p>\n\n\n\n<p>I presenti Termini e Condizioni Generali regolano esclusivamente la vendita di Servizi ai consumatori.<\/p>\n\n\n\n<p>Accettando le presenti Condizioni Generali, il Cliente riconosce di essere un Consumatore, ossia una persona fisica che agisce per scopi che non rientrano nell&#8217;ambito della propria attivit\u00e0 commerciale, industriale, artigianale, liberale o agricola.<\/p>\n\n\n\n<p>I presenti Termini e Condizioni Generali possono essere consultati e stampati in qualsiasi momento tramite un link ipertestuale disponibile in fondo a ogni pagina del Sito.<\/p>\n\n\n\n<p>I presenti Termini e Condizioni Generali regolano tutte le fasi necessarie per la Prenotazione e il seguito della stessa tra le parti contraenti.<\/p>\n\n\n\n<p>ARTICOLO 2: ACCETTAZIONE DEI TERMINI E DELLE CONDIZIONI GENERALI DI VENDITA<\/p>\n\n\n\n<p>Per finalizzare la Prenotazione (&#8221; <strong>\n  <em>la Prenotazione<\/em>\n<\/strong> &#8220;) e stipulare il presente Contratto, il Cliente deve aver letto i presenti Termini e Condizioni Generali e averli accettati prima di concludere la vendita, ossia di finalizzare la Prenotazione sul Sito.<\/p>\n\n\n\n<p>In conformit\u00e0 alle disposizioni dell&#8217;articolo L.221-28, 12\u00b0 del Codice del Consumo francese, il consumatore rinuncia senza riserve ad esercitare il proprio diritto di recesso in relazione a qualsiasi ordine di servizi di alloggio effettuato presso il gruppo &#8220;Les Aubergistes Lyonnais&#8221; o presso i suoi hotel partner, qualora tali servizi siano forniti in una data specifica o per un periodo specifico.<\/p>\n\n\n\n<p>ARTICOLO 3: PREZZO, PAGAMENTO<\/p>\n\n\n\n<p><strong><u>Articolo 3.1 Prezzi<\/u><\/strong><strong><u><\/u><\/strong><\/p>\n\n\n\n<p>PREZZO<\/p>\n\n\n\n<p>Tutti i prezzi sono indicati in euro (\u20ac), comprensivi di tutte le tasse. I prezzi indicati includono l&#8217;IVA applicabile il giorno dell&#8217;ordine. I prezzi non includono la tassa di soggiorno, che pu\u00f2 essere pagata direttamente alla struttura.  <\/p>\n\n\n\n<p>Tali prezzi sono validi durante il periodo di validit\u00e0 indicato. I prezzi sono indicati prima e al momento della Prenotazione effettuata dal Cliente. <\/p>\n\n\n\n<p>I prezzi emessi sono determinati da una pratica di gestione fine dei prezzi. Possono quindi dipendere da una serie di parametri, tra cui (ma non solo): la data di prenotazione, la data del soggiorno, l&#8217;intervallo di tempo tra queste due date, ecc. <\/p>\n\n\n\n<p>I prezzi si intendono a camera per il numero di persone e le date selezionate dal Cliente.<\/p>\n\n\n\n<p>In ogni caso, qualsiasi servizio aggiuntivo prenotato e fornito dalla struttura al Cliente durante il suo soggiorno dovr\u00e0 essere pagato dal Cliente al pi\u00f9 tardi al momento della restituzione della camera, a meno che tale servizio non sia stato pagato in anticipo.<\/p>\n\n\n\n<p>VARIAZIONI DI PREZZO<\/p>\n\n\n\n<p>I prezzi dei Servizi saranno quelli visualizzati sul Sito al momento della convalida della Prenotazione da parte del Cliente e per le date selezionate dal Cliente.<\/p>\n\n\n\n<p>I prezzi visualizzati sul Sito possono cambiare, ma tali modifiche non influiranno su alcun ordine confermato dallo Stabilimento nella conferma d&#8217;ordine.<\/p>\n\n\n\n<p><strong><u>Articolo 3.2 Mezzi di pagamento<\/u><\/strong><\/p>\n\n\n\n<p>Il Cliente pu\u00f2 pagare i Servizi con carta (Mastercard, Visa, American Express) e con altri mezzi eventualmente applicabili nel suo paese (in contanti: EUROS).<\/p>\n\n\n\n<p>ARTICOLO 4: DIRITTO DI RECESSO<\/p>\n\n\n\n<p>Ai sensi dell&#8217;articolo L.221-28 12\u00b0 del Codice del Consumo, il Cliente non ha il diritto di recesso previsto dall&#8217;articolo L.221-18 del Codice del Consumo, se i Servizi sono forniti in una data specifica o per un periodo specifico.<\/p>\n\n\n\n<p>Il contratto \u00e8 pertanto definitivamente concluso nel momento in cui il Cliente richiede una Prenotazione in conformit\u00e0 con i termini e le condizioni specificati nelle presenti Condizioni Generali.<\/p>\n\n\n\n<p>ARTICOLO 5: COMUNICAZIONI O RECLAMI<\/p>\n\n\n\n<p>Qualsiasi comunicazione o notifica prevista dai presenti Termini e Condizioni Generali deve essere effettuata dal Cliente per iscritto al seguente indirizzo e-mail :  <\/p>\n\n\n\n<p>CONTATTO<strong><u><\/u><\/strong><\/p>\n\n\n\n<p>SAS SOCI\u00c9T\u00c9 H\u00d4TELI\u00c8RE LYONNAISE<\/p>\n\n\n\n<p>11 rue Duhamel, 69002 LYON<\/p>\n\n\n\n<p>reception@hotel-simplon.fr<\/p>\n\n\n\n<p>+33(0)4 78 37 41 00<\/p>\n\n\n\n<p>ARTICOLO 6: CHIAMATE A FREDDO<\/p>\n\n\n\n<p>Ai sensi dell&#8217;articolo L.223-2 del Codice del Consumo francese, lo Stabilimento ricorda al Cliente che pu\u00f2 iscriversi gratuitamente all&#8217;elenco BLOCTEL contro le molestie telefoniche tramite il seguente link: https: <a href=\"https:\/\/www.bloctel.gouv.fr\/\">\/\/www.bloctel.gouv.fr\/.<\/a><\/p>\n\n\n\n<p>ARTICOLO 7: DIRITTI DI PROPRIET\u00c0 INTELLETTUALE<\/p>\n\n\n\n<p>Tutti gli elementi presenti sul sito web, compresi testi, immagini, fotografie, grafici, loghi, marchi, video, suoni, software, codici sorgente, database, nonch\u00e9 la struttura generale del sito web, sono di propriet\u00e0 esclusiva dell&#8217;hotel Globe&amp;Cecil o dei suoi partner contrattuali, a meno che non sia esplicitamente indicato il contrario, e sono protetti dal Codice della propriet\u00e0 intellettuale francese.<\/p>\n\n\n\n<p>Il sito \u00e8 stato progettato sulla base del CMS WordPress, un software libero distribuito con licenza GPL. Tuttavia, i contenuti creati appositamente per questo sito rimangono soggetti a copyright, ad eccezione degli elementi indicati come coperti da una licenza diversa. <\/p>\n\n\n\n<p>Senza previa autorizzazione scritta, qualsiasi riproduzione, rappresentazione, modifica, adattamento, pubblicazione o utilizzo, totale o parziale, di tutto o parte del sito o del suo contenuto, su qualsiasi supporto e con qualsiasi procedimento, per scopi diversi da quelli strettamente personali e non commerciali, \u00e8 severamente vietato e costituisce una violazione punita dagli articoli L.335-2 e seguenti del Codice della Propriet\u00e0 Intellettuale francese. Questo \u00e8 considerato un reato penale e pu\u00f2 comportare fino a tre anni di reclusione e una multa di 300.000 euro. <\/p>\n\n\n\n<p>Le banche dati presenti sul sito sono protette dalle disposizioni della legge del 1\u00b0 luglio 1998 che recepisce la direttiva europea dell&#8217;11 marzo 1996. Pertanto, \u00e8 vietata l&#8217;estrazione o il riutilizzo sostanziale e ripetuto del contenuto di tali banche dati. <\/p>\n\n\n\n<p>Il Cliente non beneficia di alcun trasferimento di diritti di propriet\u00e0 intellettuale ai sensi delle presenti Condizioni Generali. Il know-how, gli sviluppi tecnici, i modelli, gli studi, i prototipi e i servizi forniti rimangono di propriet\u00e0 esclusiva del Venditore e possono essere utilizzati solo nell&#8217;ambito del contratto che lega le parti. <\/p>\n\n\n\n<p>Qualsiasi uso non autorizzato del sito o di uno dei suoi elementi pu\u00f2 comportare la responsabilit\u00e0 del suo autore.<\/p>\n\n\n\n<p>ARTICOLO 8: LEGGE APPLICABILE E GIURISDIZIONE<strong><u><\/u><\/strong><\/p>\n\n\n\n<p>Fatte salve le norme giuridiche imperative del tuo luogo di residenza, le presenti Condizioni Generali sono disciplinate dalla legge francese.<\/p>\n\n\n\n<p>In caso di controversia relativa all&#8217;interpretazione o all&#8217;esecuzione delle presenti Condizioni Generali, il Cliente \u00e8 invitato a contattare in via prioritaria il servizio clienti dello stabilimento al fine di trovare una soluzione amichevole.  <\/p>\n\n\n\n<p>In conformit\u00e0 alle disposizioni del Codice del Consumo in materia di risoluzione amichevole delle controversie, il Cliente pu\u00f2, prima di intraprendere qualsiasi azione legale, ricorrere gratuitamente al servizio di mediazione per le controversie relative ai diritti dei consumatori. Il mediatore competente \u00e8 La M\u00e9diation du Tourisme et du Voyage (MTV), che il Cliente pu\u00f2 contattare come segue: <\/p>\n\n\n\n<ul class=\"wp-block-list\">\n<li>Indirizzo postale: CS 30958 &#8211; 75383 PARIS CEDEX 08  <\/li>\n\n\n\n<li>Numero di telefono: 01 42 67 96 68<\/li>\n\n\n\n<li>Mail: <a href=\"mailto:info@mtv.travel\">info@mtv.travel<\/a><\/li>\n\n\n\n<li>Sito web per le procedure online: https: <a href=\"https:\/\/www.mtv.travel\/saisir-le-mediateur\/\">\/\/www.mtv.travel\/saisir-le-mediateur\/<\/a><\/li>\n<\/ul>\n\n\n\n<p><\/p>\n<\/div>\n\n\n\n<\/section>\n","protected":false},"excerpt":{"rendered":"","protected":false},"author":2,"featured_media":0,"parent":0,"menu_order":0,"comment_status":"closed","ping_status":"closed","template":"","meta":{"_acf_changed":false,"inline_featured_image":false,"footnotes":""},"class_list":["post-3565","page","type-page","status-publish","hentry"],"acf":[],"yoast_head":"<!-- This site is optimized with the Yoast SEO plugin v27.4 - https:\/\/yoast.com\/product\/yoast-seo-wordpress\/ -->\n<title>Termini e condizioni di vendita - Le Simplon<\/title>\n<meta name=\"robots\" content=\"noindex, follow\" \/>\n<meta property=\"og:locale\" content=\"it_IT\" \/>\n<meta property=\"og:type\" content=\"article\" \/>\n<meta property=\"og:title\" content=\"Termini e condizioni di vendita - Le Simplon\" \/>\n<meta property=\"og:url\" content=\"https:\/\/www.hotel-simplon-lyon.com\/it\/termini-e-condizioni-di-locazione\/\" \/>\n<meta property=\"og:site_name\" content=\"Le Simplon\" \/>\n<meta property=\"article:modified_time\" content=\"2025-09-30T11:40:22+00:00\" \/>\n<meta name=\"twitter:card\" content=\"summary_large_image\" \/>\n<meta name=\"twitter:label1\" content=\"Tempo di lettura stimato\" \/>\n\t<meta name=\"twitter:data1\" content=\"6 minuto\" \/>\n<script type=\"application\/ld+json\" class=\"yoast-schema-graph\">{\"@context\":\"https:\\\/\\\/schema.org\",\"@graph\":[{\"@type\":\"WebPage\",\"@id\":\"https:\\\/\\\/www.hotel-simplon-lyon.com\\\/it\\\/termini-e-condizioni-di-locazione\\\/\",\"url\":\"https:\\\/\\\/www.hotel-simplon-lyon.com\\\/it\\\/termini-e-condizioni-di-locazione\\\/\",\"name\":\"Termini e condizioni di vendita - Le Simplon\",\"isPartOf\":{\"@id\":\"https:\\\/\\\/www.hotel-simplon-lyon.com\\\/it\\\/#website\"},\"datePublished\":\"2025-04-16T15:40:05+00:00\",\"dateModified\":\"2025-09-30T11:40:22+00:00\",\"breadcrumb\":{\"@id\":\"https:\\\/\\\/www.hotel-simplon-lyon.com\\\/it\\\/termini-e-condizioni-di-locazione\\\/#breadcrumb\"},\"inLanguage\":\"it-IT\",\"potentialAction\":[{\"@type\":\"ReadAction\",\"target\":[\"https:\\\/\\\/www.hotel-simplon-lyon.com\\\/it\\\/termini-e-condizioni-di-locazione\\\/\"]}]},{\"@type\":\"BreadcrumbList\",\"@id\":\"https:\\\/\\\/www.hotel-simplon-lyon.com\\\/it\\\/termini-e-condizioni-di-locazione\\\/#breadcrumb\",\"itemListElement\":[{\"@type\":\"ListItem\",\"position\":1,\"name\":\"Accueil\",\"item\":\"https:\\\/\\\/www.hotel-simplon-lyon.com\\\/it\\\/casa\\\/\"},{\"@type\":\"ListItem\",\"position\":2,\"name\":\"Termini e condizioni di vendita\"}]},{\"@type\":\"WebSite\",\"@id\":\"https:\\\/\\\/www.hotel-simplon-lyon.com\\\/it\\\/#website\",\"url\":\"https:\\\/\\\/www.hotel-simplon-lyon.com\\\/it\\\/\",\"name\":\"Globe Cecil\",\"description\":\"\",\"publisher\":{\"@id\":\"https:\\\/\\\/www.hotel-simplon-lyon.com\\\/it\\\/#organization\"},\"potentialAction\":[{\"@type\":\"SearchAction\",\"target\":{\"@type\":\"EntryPoint\",\"urlTemplate\":\"https:\\\/\\\/www.hotel-simplon-lyon.com\\\/it\\\/?s={search_term_string}\"},\"query-input\":{\"@type\":\"PropertyValueSpecification\",\"valueRequired\":true,\"valueName\":\"search_term_string\"}}],\"inLanguage\":\"it-IT\"},{\"@type\":\"Organization\",\"@id\":\"https:\\\/\\\/www.hotel-simplon-lyon.com\\\/it\\\/#organization\",\"name\":\"Globe Cecil\",\"url\":\"https:\\\/\\\/www.hotel-simplon-lyon.com\\\/it\\\/\",\"logo\":{\"@type\":\"ImageObject\",\"inLanguage\":\"it-IT\",\"@id\":\"https:\\\/\\\/www.hotel-simplon-lyon.com\\\/it\\\/#\\\/schema\\\/logo\\\/image\\\/\",\"url\":\"https:\\\/\\\/www.hotel-simplon-lyon.com\\\/wp-content\\\/uploads\\\/sites\\\/6\\\/2025\\\/05\\\/LOGO-Simplon-White.svg\",\"contentUrl\":\"https:\\\/\\\/www.hotel-simplon-lyon.com\\\/wp-content\\\/uploads\\\/sites\\\/6\\\/2025\\\/05\\\/LOGO-Simplon-White.svg\",\"width\":409,\"height\":52,\"caption\":\"Globe Cecil\"},\"image\":{\"@id\":\"https:\\\/\\\/www.hotel-simplon-lyon.com\\\/it\\\/#\\\/schema\\\/logo\\\/image\\\/\"}}]}<\/script>\n<!-- \/ Yoast SEO plugin. -->","yoast_head_json":{"title":"Termini e condizioni di vendita - Le Simplon","robots":{"index":"noindex","follow":"follow"},"og_locale":"it_IT","og_type":"article","og_title":"Termini e condizioni di vendita - Le Simplon","og_url":"https:\/\/www.hotel-simplon-lyon.com\/it\/termini-e-condizioni-di-locazione\/","og_site_name":"Le Simplon","article_modified_time":"2025-09-30T11:40:22+00:00","twitter_card":"summary_large_image","twitter_misc":{"Tempo di lettura stimato":"6 minuto"},"schema":{"@context":"https:\/\/schema.org","@graph":[{"@type":"WebPage","@id":"https:\/\/www.hotel-simplon-lyon.com\/it\/termini-e-condizioni-di-locazione\/","url":"https:\/\/www.hotel-simplon-lyon.com\/it\/termini-e-condizioni-di-locazione\/","name":"Termini e condizioni di vendita - Le Simplon","isPartOf":{"@id":"https:\/\/www.hotel-simplon-lyon.com\/it\/#website"},"datePublished":"2025-04-16T15:40:05+00:00","dateModified":"2025-09-30T11:40:22+00:00","breadcrumb":{"@id":"https:\/\/www.hotel-simplon-lyon.com\/it\/termini-e-condizioni-di-locazione\/#breadcrumb"},"inLanguage":"it-IT","potentialAction":[{"@type":"ReadAction","target":["https:\/\/www.hotel-simplon-lyon.com\/it\/termini-e-condizioni-di-locazione\/"]}]},{"@type":"BreadcrumbList","@id":"https:\/\/www.hotel-simplon-lyon.com\/it\/termini-e-condizioni-di-locazione\/#breadcrumb","itemListElement":[{"@type":"ListItem","position":1,"name":"Accueil","item":"https:\/\/www.hotel-simplon-lyon.com\/it\/casa\/"},{"@type":"ListItem","position":2,"name":"Termini e condizioni di vendita"}]},{"@type":"WebSite","@id":"https:\/\/www.hotel-simplon-lyon.com\/it\/#website","url":"https:\/\/www.hotel-simplon-lyon.com\/it\/","name":"Globe Cecil","description":"","publisher":{"@id":"https:\/\/www.hotel-simplon-lyon.com\/it\/#organization"},"potentialAction":[{"@type":"SearchAction","target":{"@type":"EntryPoint","urlTemplate":"https:\/\/www.hotel-simplon-lyon.com\/it\/?s={search_term_string}"},"query-input":{"@type":"PropertyValueSpecification","valueRequired":true,"valueName":"search_term_string"}}],"inLanguage":"it-IT"},{"@type":"Organization","@id":"https:\/\/www.hotel-simplon-lyon.com\/it\/#organization","name":"Globe Cecil","url":"https:\/\/www.hotel-simplon-lyon.com\/it\/","logo":{"@type":"ImageObject","inLanguage":"it-IT","@id":"https:\/\/www.hotel-simplon-lyon.com\/it\/#\/schema\/logo\/image\/","url":"https:\/\/www.hotel-simplon-lyon.com\/wp-content\/uploads\/sites\/6\/2025\/05\/LOGO-Simplon-White.svg","contentUrl":"https:\/\/www.hotel-simplon-lyon.com\/wp-content\/uploads\/sites\/6\/2025\/05\/LOGO-Simplon-White.svg","width":409,"height":52,"caption":"Globe Cecil"},"image":{"@id":"https:\/\/www.hotel-simplon-lyon.com\/it\/#\/schema\/logo\/image\/"}}]}},"_links":{"self":[{"href":"https:\/\/www.hotel-simplon-lyon.com\/it\/wp-json\/wp\/v2\/pages\/3565","targetHints":{"allow":["GET"]}}],"collection":[{"href":"https:\/\/www.hotel-simplon-lyon.com\/it\/wp-json\/wp\/v2\/pages"}],"about":[{"href":"https:\/\/www.hotel-simplon-lyon.com\/it\/wp-json\/wp\/v2\/types\/page"}],"author":[{"embeddable":true,"href":"https:\/\/www.hotel-simplon-lyon.com\/it\/wp-json\/wp\/v2\/users\/2"}],"replies":[{"embeddable":true,"href":"https:\/\/www.hotel-simplon-lyon.com\/it\/wp-json\/wp\/v2\/comments?post=3565"}],"version-history":[{"count":14,"href":"https:\/\/www.hotel-simplon-lyon.com\/it\/wp-json\/wp\/v2\/pages\/3565\/revisions"}],"predecessor-version":[{"id":7750,"href":"https:\/\/www.hotel-simplon-lyon.com\/it\/wp-json\/wp\/v2\/pages\/3565\/revisions\/7750"}],"wp:attachment":[{"href":"https:\/\/www.hotel-simplon-lyon.com\/it\/wp-json\/wp\/v2\/media?parent=3565"}],"curies":[{"name":"wp","href":"https:\/\/api.w.org\/{rel}","templated":true}]}}