{"id":3119,"date":"2025-04-16T17:40:08","date_gmt":"2025-04-16T15:40:08","guid":{"rendered":"https:\/\/www.hotel-simplon-lyon.com\/ofertas-actuales\/"},"modified":"2026-02-17T08:55:41","modified_gmt":"2026-02-17T07:55:41","slug":"ofertas-actuales","status":"publish","type":"page","link":"https:\/\/www.hotel-simplon-lyon.com\/es\/ofertas-actuales\/","title":{"rendered":"Ofertas actuales"},"content":{"rendered":"\n<section class=\"heading wp-elements-dd1b32b8adafdcbf1f5b3e51cad88a5f wp-elements-dd1b32b8adafdcbf1f5b3e51cad88a5f wp-block-acf-heading has-text-color has-primary-color has-background has-white-100-background-color\">\n\t<div class=\"heading__container\">\n\t\t\t\t\t<div class=\"heading__background-picture\">\n\t\t\t\t<img decoding=\"async\" width=\"1920\" height=\"1280\" src=\"https:\/\/www.hotel-simplon-lyon.com\/wp-content\/uploads\/sites\/6\/2025\/03\/hotel-pas-cher-lyon-_bon-plan1.jpg\" class=\"attachment-full size-full\" alt=\"hotel pas cher lyon  bon plan1\" fetchpriority=\"high\" srcset=\"https:\/\/www.hotel-simplon-lyon.com\/wp-content\/uploads\/sites\/6\/2025\/03\/hotel-pas-cher-lyon-_bon-plan1.jpg 1920w, https:\/\/www.hotel-simplon-lyon.com\/wp-content\/uploads\/sites\/6\/2025\/03\/hotel-pas-cher-lyon-_bon-plan1-300x200.jpg 300w, https:\/\/www.hotel-simplon-lyon.com\/wp-content\/uploads\/sites\/6\/2025\/03\/hotel-pas-cher-lyon-_bon-plan1-1024x683.jpg 1024w, https:\/\/www.hotel-simplon-lyon.com\/wp-content\/uploads\/sites\/6\/2025\/03\/hotel-pas-cher-lyon-_bon-plan1-768x512.jpg 768w, https:\/\/www.hotel-simplon-lyon.com\/wp-content\/uploads\/sites\/6\/2025\/03\/hotel-pas-cher-lyon-_bon-plan1-1536x1024.jpg 1536w\" sizes=\"(max-width: 1920px) 100vw, 1920px\" \/>\t\t\t<\/div>\n\t\t\t\t<div class=\"heading__layout\">\n\t\t\t<div class=\"heading__content-wrapper has-white-100-background-color\">\n\t\t\t\t<div class=\"heading__content has-white-100-background-color\">\n\t\t\t\t\t\t\t\t\t<p id=\"breadcrumbs\"><span><span><a href=\"https:\/\/www.hotel-simplon-lyon.com\/es\/inicio\/\">Accueil<\/a><\/span><\/span><\/p>\t\t\t\t\t\t\t\t\t<div class=\"acf-innerblocks-container\">\n\n<div class=\"wp-block-group heading-content-group is-layout-grid wp-container-core-group-is-layout-96b258e4 wp-block-group-is-layout-grid\">\n<h1 class=\"wp-block-heading has-text-align-left heading__title has-primary-color has-text-color has-xx-large-font-size\">Ofertas actuales<\/h1>\n<\/div>\n\n<\/div>\n\t\t\t\t<\/div>\n\t\t\t\t\t\t\t<\/div>\n\t\t<\/div>\n\t<\/div>\n<\/section>\n\n\n\t<section\n\t\tstyle=\"padding-top:var(--wp--preset--spacing--theme-default);padding-bottom:0;\" class=\"block-container align wp-block-acf-block-container has-background has-white-background-color has-global-padding is-layout-constrained wp-container-acf-block-container-is-layout-53211306 wp-block-acf-block-container-is-layout-constrained\"\t>\n\n\t\n\n<div class=\"wp-block-group is-layout-flow wp-block-group-is-layout-flow\">\n<h3 class=\"wp-block-heading has-text-align-left\">Para disfrutar sin sentirse culpable<\/h3>\n\n\n\n<p class=\"has-text-align-left has-large-font-size\">Escapadas f\u00e1ciles, al precio justo.<\/p>\n\n\n\n<p style=\"padding-top:0;padding-right:0;padding-bottom:var(--wp--preset--spacing--theme-default);padding-left:0\">\u00bfQuieres pasar un fin de semana en Lyon o hacer una parada sin arruinarte? No hace falta que busques \u201creservar hotel Lyon Perrache\u201d durante horas: nuestras mejores ofertas est\u00e1n aqu\u00ed, directamente en nuestro sitio web.<br\/>Durante todo el a\u00f1o, te ofrecemos promociones exclusivas para tu estancia en el H\u00f4tel du Simplon, un encantador hotel de 3 estrellas en Lyon 2, a dos pasos de la estaci\u00f3n de Perrache y de la plaza Carnot. <\/p>\n<\/div>\n\n\n\n<\/section>\n\n\t<section\n\t\tstyle=\"padding-top:var(--wp--preset--spacing--theme-default);padding-bottom:var(--wp--preset--spacing--theme-m);\" class=\"block-illustration block-illustration--top-left alignfull wp-block-acf-block-illustration has-background has-white-100-background-color has-global-padding is-layout-constrained wp-block-acf-block-illustration-is-layout-constrained\"\t>\n\n\t<div class=\"block-illustration__wrapper alignwide\">\n\t\t\t<div class=\"block-illustration__innerblocks\">\n\n<div class=\"wp-block-group is-layout-flow wp-container-core-group-is-layout-dce2e9c8 wp-block-group-is-layout-flow\" style=\"padding-top:0;padding-right:0;padding-bottom:0;padding-left:0\">\n<h2 class=\"wp-block-heading has-text-align-center\">De momento&#8230;<\/h2>\n\n\n\n<div class=\"stacked-card-grid align wp-block-acf-stacked-card-grid\">\n\n<div\n\tclass=\"stacked-card stacked-card--has-link wp-block-acf-stacked-card\"\tstyle = \"--stacked-card-hover-bg-color: #e5c800;\"\n\t>\n\t\t\t<a class=\"stacked-card__link\" href=\"https:\/\/www.secure-hotel-booking.com\/d-edge\/redirect\/293M\/fr-FR\/RoomSelection?arrivalDate=2026-02-14&amp;departureDate=2026-02-15&amp;promoCode=&amp;selectedAdultCount=2&amp;currency=EUR&amp;_gl=1*fgnfoz*_ga*MTUzMjA2NzM4Ny4xNzQ2NjE4MTY2*_ga_W4G34KXK9Q*czE3NDcyMDY1MjQkbzMkZzAkdDE3NDcyMDY1MjQkajYwJGwwJGgw&amp;cmpConsentString=false\"><\/a>\n\t\t\n\n<figure class=\"wp-block-image size-full stacked-card__image\"><img loading=\"lazy\" decoding=\"async\" width=\"1620\" height=\"864\" src=\"https:\/\/www.hotel-simplon-lyon.com\/wp-content\/uploads\/sites\/6\/2025\/05\/hotel-de-charme-3-etoiles-lyon03-e1748608748349.jpg\" alt=\"encantador hotel de 3 estrellas lyon03\" class=\"wp-image-6724\" style=\"aspect-ratio:16\/9;object-fit:cover\" srcset=\"https:\/\/www.hotel-simplon-lyon.com\/wp-content\/uploads\/sites\/6\/2025\/05\/hotel-de-charme-3-etoiles-lyon03-e1748608748349.jpg 1620w, https:\/\/www.hotel-simplon-lyon.com\/wp-content\/uploads\/sites\/6\/2025\/05\/hotel-de-charme-3-etoiles-lyon03-e1748608748349-600x320.jpg 600w, https:\/\/www.hotel-simplon-lyon.com\/wp-content\/uploads\/sites\/6\/2025\/05\/hotel-de-charme-3-etoiles-lyon03-e1748608748349-1400x747.jpg 1400w, https:\/\/www.hotel-simplon-lyon.com\/wp-content\/uploads\/sites\/6\/2025\/05\/hotel-de-charme-3-etoiles-lyon03-e1748608748349-768x410.jpg 768w, https:\/\/www.hotel-simplon-lyon.com\/wp-content\/uploads\/sites\/6\/2025\/05\/hotel-de-charme-3-etoiles-lyon03-e1748608748349-1536x819.jpg 1536w\" sizes=\"auto, (max-width: 1620px) 100vw, 1620px\" \/><\/figure>\n\n\n\n<h3 class=\"wp-block-heading stacked-card__title\">Prep\u00e1rese para la primavera<\/h3>\n\n\n\n<p class=\"stacked-card__text has-large-font-size\">Benef\u00edciese de un 20% de descuento los fines de semana, vacaciones escolares y d\u00edas festivos de mayo.<br\/>Oferta v\u00e1lida del 17\/02 al 31\/05, exclusivamente en nuestra p\u00e1gina web, excepto fechas especiales (consulte las condiciones en recepci\u00f3n).<\/p>\n\n\n\t<\/div>\n\n\n\n<div\n\tclass=\"stacked-card wp-block-acf-stacked-card\"\tstyle = \"--stacked-card-hover-bg-color: #e5c800;\"\n\t>\n\t\t\t\n\n<figure class=\"wp-block-image size-full stacked-card__image\"><img loading=\"lazy\" decoding=\"async\" width=\"1620\" height=\"1080\" src=\"https:\/\/www.hotel-simplon-lyon.com\/wp-content\/uploads\/sites\/6\/2025\/05\/Hotel-engage-RSE-lyon.jpg\" alt=\"Hotel comprometido con la RSE lyon\" class=\"wp-image-5781\" style=\"aspect-ratio:16\/9;object-fit:cover\" srcset=\"https:\/\/www.hotel-simplon-lyon.com\/wp-content\/uploads\/sites\/6\/2025\/05\/Hotel-engage-RSE-lyon.jpg 1620w, https:\/\/www.hotel-simplon-lyon.com\/wp-content\/uploads\/sites\/6\/2025\/05\/Hotel-engage-RSE-lyon-600x400.jpg 600w, https:\/\/www.hotel-simplon-lyon.com\/wp-content\/uploads\/sites\/6\/2025\/05\/Hotel-engage-RSE-lyon-1400x933.jpg 1400w, https:\/\/www.hotel-simplon-lyon.com\/wp-content\/uploads\/sites\/6\/2025\/05\/Hotel-engage-RSE-lyon-768x512.jpg 768w, https:\/\/www.hotel-simplon-lyon.com\/wp-content\/uploads\/sites\/6\/2025\/05\/Hotel-engage-RSE-lyon-1536x1024.jpg 1536w\" sizes=\"auto, (max-width: 1620px) 100vw, 1620px\" \/><\/figure>\n\n\n\n<h3 class=\"wp-block-heading stacked-card__title\">Salida tard\u00eda el domingo<\/h3>\n\n\n\n<p class=\"stacked-card__text has-large-font-size\">Check-out hasta las 17 h (en lugar de hasta las 12 h)<br\/>+ <strong>35 \u20ac<\/strong> \/ 1 persona<br\/>+ <strong>55 \u20ac<\/strong> \/ 2 personas<br\/><br\/>Para que puedas disfrutar de la comodidad de tu habitaci\u00f3n el mayor tiempo posible.<\/p>\n\n\n\t<\/div>\n\n<\/div>\n<\/div>\n\n<\/div>\n\t<\/div>\n<\/section>\n\n\t<section\n\t\tstyle=\"padding-top:var(--wp--preset--spacing--theme-default);padding-bottom:var(--wp--preset--spacing--theme-default);\" class=\"block-container align wp-block-acf-block-container has-background has-white-background-color has-global-padding is-layout-constrained wp-container-acf-block-container-is-layout-afcd3024 wp-block-acf-block-container-is-layout-constrained\"\t>\n\n\t\n\n<h3 class=\"wp-block-heading has-text-align-center\">Mejor tarifa <mark class=\"has-inline-color has-secondary-color\">garantizada<\/mark><\/h3>\n\n\n\n<p>No encontrar\u00e1 una oferta m\u00e1s barata en ning\u00fan otro sitio. Todas las ofertas est\u00e1n sujetas a disponibilidad y excluyen fechas especiales (grandes eventos, ferias, d\u00edas festivos). Las tarifas promocionales no se aplican a las reservas de grupos.  <\/p>\n\n\n\n<div class=\"wp-block-group is-vertical is-content-justification-center is-layout-flex wp-container-core-group-is-layout-89ef8df3 wp-block-group-is-layout-flex\" style=\"padding-top:0;padding-right:0;padding-bottom:0;padding-left:0\"><div class=\"booking-calendar__button-wrapper booking-calendar\" id=\"\">\n    <div class=\"acf-innerblocks-container\">\n\n<div class=\"wp-block-button booking-calendar__button\"><a class=\"wp-block-button__link wp-element-button\">Reserve<\/a><\/div>\n\n<\/div>\n<\/div>\n\n<div id=\"\" class=\"booking-calendar__wrapper booking-calendar\" data-hotel-choice=\"hotel-simplon\" style=\"background-color: #ffffff;\">\n            <img loading=\"lazy\" decoding=\"async\" width=\"350\" height=\"350\" src=\"https:\/\/www.hotel-simplon-lyon.com\/wp-content\/uploads\/sites\/6\/2025\/04\/BOUQUETIN.png\" class=\"booking-calendar__image_2_desktop\" alt=\"BOUQUETIN\" srcset=\"https:\/\/www.hotel-simplon-lyon.com\/wp-content\/uploads\/sites\/6\/2025\/04\/BOUQUETIN.png 350w, https:\/\/www.hotel-simplon-lyon.com\/wp-content\/uploads\/sites\/6\/2025\/04\/BOUQUETIN-300x300.png 300w\" sizes=\"auto, (max-width: 350px) 100vw, 350px\" \/>        <img decoding=\"async\"\n        class=\"booking-calendar__close-button\"\n        src=\"https:\/\/www.hotel-simplon-lyon.com\/wp-content\/plugins\/lal-facf-blocks-plugin\/assets\/img\/BTN-X.svg\"\n        alt=\"Fermer la reservation\"\n    >\n    <div class=\"booking-calendar__content-wrapper\" style=\"background-color: #ffffff;\">\n        \t\t         <p class=\"booking-calendar__title\">Seleccione sus fechas<\/p>\n\n        <div id=\"d-edge-widget-container-hotel-simplon\"\n             class=\"booking-calendar__widget-container\"\n            >\n            <div id=\"widgets--wrapper\"><\/div>\n        <\/div>\n\t\t\t\t\t<div class=\"booking-calendar__footer-text-container\">\n\t\t\t\t<p class=\"booking-calendar__footer-text\"><p style=\"text-align: left\">Plus de place ici ? Laissez nos aubergistes s\u2019occuper de vous : envoyez vos dates \u00e0 reservations@lesaubergisteslyonnais.fr et nous essayerons de trouver la meilleure alternative dans nos maisons lyonnaises. D\u00e9couvrez nos autres \u00e9tablissements \u00e0 Lyon : <a href=\"https:\/\/globeetcecilhotel.com\/\">H\u00f4tel Le Globe &amp; Cecil ****<\/a><a href=\"https:\/\/www.hotel-phenix-lyon.fr\/\">, <\/a><a href=\"https:\/\/www.hotel-phenix-lyon.fr\/\">H\u00f4tel Le Ph\u00e9nix ****<\/a><\/p>\n<\/p>\n\t\t\t<\/div>\n\t\t\n        <script type=\"application\/json\" class=\"d-edge-config-data\" data-hotel-choice=\"hotel-simplon\">\n        {\n    \"params\": [\n        {\n            \"calendar\": {\n                \"firstDayOfWeek\": 1,\n                \"nbMonths2display\": 2,\n                \"title\": \"\",\n                \"showBestPrice\": true,\n                \"showLastRoom\": true,\n                \"showLastRoomThreshold\": 3,\n                \"showMinStayDepartureDates\": true,\n                \"hideControls\": false,\n                \"showChildrenAges\": false,\n                \"themeDark\": false,\n                \"layoutNum\": 2,\n                \"roomRateFiltering\": 0,\n                \"rateFilter\": [],\n                \"roomFilter\": [],\n                \"useLoyalty\": false,\n                \"loyalty\": \"\",\n                \"loyaltyParams\": {},\n                \"useRedirectUrlFromApi\": true,\n                \"daysLookAhead\": 365\n            },\n            \"currency\": \"EUR\",\n            \"locale\": \"es_ES\",\n            \"maxAdults\": 8,\n            \"maxChildren\": 5,\n            \"mainColor\": \"#3C3B3A\",\n            \"themeDark\": false,\n            \"openFrontInNewTab\": true,\n            \"property\": \"293M-2441\",\n            \"title\": \"Hotel Simplon\",\n            \"childrenMaxAge\": 12,\n            \"fbWidget\": \"Calendar\"\n        }\n    ],\n    \"commonParams\": {\n        \"redirectUrl\": \"https:\/\/www.secure-hotel-booking.com\",\n        \"showPropertiesList\": true,\n        \"demoMode\": false,\n        \"frontUrl\": \"https:\/\/www.secure-hotel-booking.com\"\n    },\n    \"_authCode\": \"eyJhbGciOiJIUzUxMiIsInR5cCI6IkpXVCJ9.eyJib29raW5nRW5naW5lUmVmZXJlbmNlIjoiMjkzTSIsImhvdGVsSWQiOiIyNDQxIiwiZ3JvdXBJZCI6IjU3NiIsInJlZmVyZW5jZVJhdGVDb2RlIjoiUkFDS1BSSSIsImRpc3BsYXlOYW1lIjoiSG90ZWwtRHUtU2ltcGxvbiIsIm5iZiI6MTczOTQ2NDEwOSwiZXhwIjoyNTM0MDIzMDA4MDAsImlhdCI6MTczOTQ2NDEwOSwiaXNzIjoiQXZhaWxwcm8gQVBJIE1hbmFnZXIiLCJhdWQiOiJkLWVkZ2UifQ.AJTwF4IjtGjsW4r2h_p31igYIGLICK-9rJ0yYGp_WNb4_kD-DdPS1WtsdeT4cS4_bbI8840qoAb8NnaMZz9D3A\",\n    \"propertyIndex\": 0,\n    \"version\": \"1.35.0\",\n    \"baseHost\": \"https:\/\/websdk.d-edge.com\"\n}        <\/script>\n\n        <script type=\"text\/template\" class=\"consent-script-template\">\n        (function () {\n            function getConsentStatus() {\n                if (window.google_tag_data && window.google_tag_data.ics && window.google_tag_data.ics.entries && window.google_tag_data.ics.entries.ad_storage) {\n                    return window.google_tag_data.ics.entries.ad_storage.update === true ? 'true' : 'false';\n                }\n                return 'false';\n            }\n\n            const originalOpen = window.open;\n            window.open = function (url, name, features) {\n                if (url && url.includes(\"secure-hotel-booking.com\")) {\n                    const newUrl = new URL(url);\n                    newUrl.searchParams.set(\"cmpConsentString\", getConsentStatus());\n                    return originalOpen.call(window, newUrl.toString(), name, features);\n                }\n                return originalOpen.call(window, url, name, features);\n            };\n\n            const originalAssign = window.location.assign;\n            window.location.assign = function (url) {\n                if (url && url.includes(\"secure-hotel-booking.com\")) {\n                    const newUrl = new URL(url, window.location.origin);\n                    newUrl.searchParams.set(\"cmpConsentString\", getConsentStatus());\n                    return originalAssign.call(window.location, newUrl.toString());\n                }\n                return originalAssign.call(window.location, url);\n            };\n\n            const originalHref = Object.getOwnPropertyDescriptor(window.location.__proto__, 'href').set;\n            Object.defineProperty(window.location, 'href', {\n                set: function (url) {\n                    if (url.includes(\"secure-hotel-booking.com\")) {\n                        const newUrl = new URL(url, window.location.origin);\n                        newUrl.searchParams.set(\"cmpConsentString\", getConsentStatus());\n                        return originalHref.call(window.location, newUrl.toString());\n                    }\n                    return originalHref.call(window.location, url);\n                }\n            });\n        })();\n        <\/script>\n    <\/div>\n<\/div>\n<\/div>\n\n\n\n<\/section>\n","protected":false},"excerpt":{"rendered":"","protected":false},"author":2,"featured_media":0,"parent":0,"menu_order":0,"comment_status":"closed","ping_status":"closed","template":"","meta":{"_acf_changed":false,"inline_featured_image":false,"footnotes":""},"class_list":["post-3119","page","type-page","status-publish","hentry"],"acf":[],"yoast_head":"<!-- This site is optimized with the Yoast SEO plugin v27.4 - https:\/\/yoast.com\/product\/yoast-seo-wordpress\/ -->\n<title>Hotel 3 estrellas Lyon Perrache m\u00e1s barato - Mejor precio<\/title>\n<meta name=\"description\" content=\"H\u00f4tel du Simplon - Hotel barato de 3 estrellas en Lyon Perrache, en el coraz\u00f3n del distrito 2, la mejor relaci\u00f3n calidad-precio.\" \/>\n<meta name=\"robots\" content=\"index, follow, max-snippet:-1, max-image-preview:large, max-video-preview:-1\" \/>\n<link rel=\"canonical\" href=\"https:\/\/www.hotel-simplon-lyon.com\/es\/ofertas-actuales\/\" \/>\n<meta property=\"og:locale\" content=\"es_ES\" \/>\n<meta property=\"og:type\" content=\"article\" \/>\n<meta property=\"og:title\" content=\"Hotel 3 estrellas Lyon Perrache m\u00e1s barato - Mejor precio\" \/>\n<meta property=\"og:description\" content=\"H\u00f4tel du Simplon - Hotel barato de 3 estrellas en Lyon Perrache, en el coraz\u00f3n del distrito 2, la mejor relaci\u00f3n calidad-precio.\" \/>\n<meta property=\"og:url\" content=\"https:\/\/www.hotel-simplon-lyon.com\/es\/ofertas-actuales\/\" \/>\n<meta property=\"og:site_name\" content=\"Le Simplon\" \/>\n<meta property=\"article:modified_time\" content=\"2026-02-17T07:55:41+00:00\" \/>\n<meta property=\"og:image\" content=\"https:\/\/www.hotel-simplon-lyon.com\/wp-content\/uploads\/sites\/6\/2025\/05\/hotel-de-charme-3-etoiles-lyon03-e1748608748349.jpg\" \/>\n<meta name=\"twitter:card\" content=\"summary_large_image\" \/>\n<meta name=\"twitter:label1\" content=\"Tiempo de lectura\" \/>\n\t<meta name=\"twitter:data1\" content=\"1 minuto\" \/>\n<script type=\"application\/ld+json\" class=\"yoast-schema-graph\">{\"@context\":\"https:\\\/\\\/schema.org\",\"@graph\":[{\"@type\":\"WebPage\",\"@id\":\"https:\\\/\\\/www.hotel-simplon-lyon.com\\\/es\\\/ofertas-actuales\\\/\",\"url\":\"https:\\\/\\\/www.hotel-simplon-lyon.com\\\/es\\\/ofertas-actuales\\\/\",\"name\":\"Hotel 3 estrellas Lyon Perrache m\u00e1s barato - Mejor precio\",\"isPartOf\":{\"@id\":\"https:\\\/\\\/www.hotel-simplon-lyon.com\\\/es\\\/#website\"},\"primaryImageOfPage\":{\"@id\":\"https:\\\/\\\/www.hotel-simplon-lyon.com\\\/es\\\/ofertas-actuales\\\/#primaryimage\"},\"image\":{\"@id\":\"https:\\\/\\\/www.hotel-simplon-lyon.com\\\/es\\\/ofertas-actuales\\\/#primaryimage\"},\"thumbnailUrl\":\"https:\\\/\\\/www.hotel-simplon-lyon.com\\\/wp-content\\\/uploads\\\/sites\\\/6\\\/2025\\\/05\\\/hotel-de-charme-3-etoiles-lyon03-e1748608748349.jpg\",\"datePublished\":\"2025-04-16T15:40:08+00:00\",\"dateModified\":\"2026-02-17T07:55:41+00:00\",\"description\":\"H\u00f4tel du Simplon - Hotel barato de 3 estrellas en Lyon Perrache, en el coraz\u00f3n del distrito 2, la mejor relaci\u00f3n calidad-precio.\",\"breadcrumb\":{\"@id\":\"https:\\\/\\\/www.hotel-simplon-lyon.com\\\/es\\\/ofertas-actuales\\\/#breadcrumb\"},\"inLanguage\":\"es\",\"potentialAction\":[{\"@type\":\"ReadAction\",\"target\":[\"https:\\\/\\\/www.hotel-simplon-lyon.com\\\/es\\\/ofertas-actuales\\\/\"]}]},{\"@type\":\"ImageObject\",\"inLanguage\":\"es\",\"@id\":\"https:\\\/\\\/www.hotel-simplon-lyon.com\\\/es\\\/ofertas-actuales\\\/#primaryimage\",\"url\":\"https:\\\/\\\/www.hotel-simplon-lyon.com\\\/wp-content\\\/uploads\\\/sites\\\/6\\\/2025\\\/05\\\/hotel-de-charme-3-etoiles-lyon03-e1748608748349.jpg\",\"contentUrl\":\"https:\\\/\\\/www.hotel-simplon-lyon.com\\\/wp-content\\\/uploads\\\/sites\\\/6\\\/2025\\\/05\\\/hotel-de-charme-3-etoiles-lyon03-e1748608748349.jpg\"},{\"@type\":\"BreadcrumbList\",\"@id\":\"https:\\\/\\\/www.hotel-simplon-lyon.com\\\/es\\\/ofertas-actuales\\\/#breadcrumb\",\"itemListElement\":[{\"@type\":\"ListItem\",\"position\":1,\"name\":\"Accueil\",\"item\":\"https:\\\/\\\/www.hotel-simplon-lyon.com\\\/es\\\/inicio\\\/\"},{\"@type\":\"ListItem\",\"position\":2,\"name\":\"Ofertas actuales\"}]},{\"@type\":\"WebSite\",\"@id\":\"https:\\\/\\\/www.hotel-simplon-lyon.com\\\/es\\\/#website\",\"url\":\"https:\\\/\\\/www.hotel-simplon-lyon.com\\\/es\\\/\",\"name\":\"Globe Cecil\",\"description\":\"\",\"publisher\":{\"@id\":\"https:\\\/\\\/www.hotel-simplon-lyon.com\\\/es\\\/#organization\"},\"potentialAction\":[{\"@type\":\"SearchAction\",\"target\":{\"@type\":\"EntryPoint\",\"urlTemplate\":\"https:\\\/\\\/www.hotel-simplon-lyon.com\\\/es\\\/?s={search_term_string}\"},\"query-input\":{\"@type\":\"PropertyValueSpecification\",\"valueRequired\":true,\"valueName\":\"search_term_string\"}}],\"inLanguage\":\"es\"},{\"@type\":\"Organization\",\"@id\":\"https:\\\/\\\/www.hotel-simplon-lyon.com\\\/es\\\/#organization\",\"name\":\"Globe Cecil\",\"url\":\"https:\\\/\\\/www.hotel-simplon-lyon.com\\\/es\\\/\",\"logo\":{\"@type\":\"ImageObject\",\"inLanguage\":\"es\",\"@id\":\"https:\\\/\\\/www.hotel-simplon-lyon.com\\\/es\\\/#\\\/schema\\\/logo\\\/image\\\/\",\"url\":\"https:\\\/\\\/www.hotel-simplon-lyon.com\\\/wp-content\\\/uploads\\\/sites\\\/6\\\/2025\\\/05\\\/LOGO-Simplon-White.svg\",\"contentUrl\":\"https:\\\/\\\/www.hotel-simplon-lyon.com\\\/wp-content\\\/uploads\\\/sites\\\/6\\\/2025\\\/05\\\/LOGO-Simplon-White.svg\",\"width\":409,\"height\":52,\"caption\":\"Globe Cecil\"},\"image\":{\"@id\":\"https:\\\/\\\/www.hotel-simplon-lyon.com\\\/es\\\/#\\\/schema\\\/logo\\\/image\\\/\"}}]}<\/script>\n<!-- \/ Yoast SEO plugin. -->","yoast_head_json":{"title":"Hotel 3 estrellas Lyon Perrache m\u00e1s barato - Mejor precio","description":"H\u00f4tel du Simplon - Hotel barato de 3 estrellas en Lyon Perrache, en el coraz\u00f3n del distrito 2, la mejor relaci\u00f3n calidad-precio.","robots":{"index":"index","follow":"follow","max-snippet":"max-snippet:-1","max-image-preview":"max-image-preview:large","max-video-preview":"max-video-preview:-1"},"canonical":"https:\/\/www.hotel-simplon-lyon.com\/es\/ofertas-actuales\/","og_locale":"es_ES","og_type":"article","og_title":"Hotel 3 estrellas Lyon Perrache m\u00e1s barato - Mejor precio","og_description":"H\u00f4tel du Simplon - Hotel barato de 3 estrellas en Lyon Perrache, en el coraz\u00f3n del distrito 2, la mejor relaci\u00f3n calidad-precio.","og_url":"https:\/\/www.hotel-simplon-lyon.com\/es\/ofertas-actuales\/","og_site_name":"Le Simplon","article_modified_time":"2026-02-17T07:55:41+00:00","og_image":[{"url":"https:\/\/www.hotel-simplon-lyon.com\/wp-content\/uploads\/sites\/6\/2025\/05\/hotel-de-charme-3-etoiles-lyon03-e1748608748349.jpg","type":"","width":"","height":""}],"twitter_card":"summary_large_image","twitter_misc":{"Tiempo de lectura":"1 minuto"},"schema":{"@context":"https:\/\/schema.org","@graph":[{"@type":"WebPage","@id":"https:\/\/www.hotel-simplon-lyon.com\/es\/ofertas-actuales\/","url":"https:\/\/www.hotel-simplon-lyon.com\/es\/ofertas-actuales\/","name":"Hotel 3 estrellas Lyon Perrache m\u00e1s barato - Mejor precio","isPartOf":{"@id":"https:\/\/www.hotel-simplon-lyon.com\/es\/#website"},"primaryImageOfPage":{"@id":"https:\/\/www.hotel-simplon-lyon.com\/es\/ofertas-actuales\/#primaryimage"},"image":{"@id":"https:\/\/www.hotel-simplon-lyon.com\/es\/ofertas-actuales\/#primaryimage"},"thumbnailUrl":"https:\/\/www.hotel-simplon-lyon.com\/wp-content\/uploads\/sites\/6\/2025\/05\/hotel-de-charme-3-etoiles-lyon03-e1748608748349.jpg","datePublished":"2025-04-16T15:40:08+00:00","dateModified":"2026-02-17T07:55:41+00:00","description":"H\u00f4tel du Simplon - Hotel barato de 3 estrellas en Lyon Perrache, en el coraz\u00f3n del distrito 2, la mejor relaci\u00f3n calidad-precio.","breadcrumb":{"@id":"https:\/\/www.hotel-simplon-lyon.com\/es\/ofertas-actuales\/#breadcrumb"},"inLanguage":"es","potentialAction":[{"@type":"ReadAction","target":["https:\/\/www.hotel-simplon-lyon.com\/es\/ofertas-actuales\/"]}]},{"@type":"ImageObject","inLanguage":"es","@id":"https:\/\/www.hotel-simplon-lyon.com\/es\/ofertas-actuales\/#primaryimage","url":"https:\/\/www.hotel-simplon-lyon.com\/wp-content\/uploads\/sites\/6\/2025\/05\/hotel-de-charme-3-etoiles-lyon03-e1748608748349.jpg","contentUrl":"https:\/\/www.hotel-simplon-lyon.com\/wp-content\/uploads\/sites\/6\/2025\/05\/hotel-de-charme-3-etoiles-lyon03-e1748608748349.jpg"},{"@type":"BreadcrumbList","@id":"https:\/\/www.hotel-simplon-lyon.com\/es\/ofertas-actuales\/#breadcrumb","itemListElement":[{"@type":"ListItem","position":1,"name":"Accueil","item":"https:\/\/www.hotel-simplon-lyon.com\/es\/inicio\/"},{"@type":"ListItem","position":2,"name":"Ofertas actuales"}]},{"@type":"WebSite","@id":"https:\/\/www.hotel-simplon-lyon.com\/es\/#website","url":"https:\/\/www.hotel-simplon-lyon.com\/es\/","name":"Globe Cecil","description":"","publisher":{"@id":"https:\/\/www.hotel-simplon-lyon.com\/es\/#organization"},"potentialAction":[{"@type":"SearchAction","target":{"@type":"EntryPoint","urlTemplate":"https:\/\/www.hotel-simplon-lyon.com\/es\/?s={search_term_string}"},"query-input":{"@type":"PropertyValueSpecification","valueRequired":true,"valueName":"search_term_string"}}],"inLanguage":"es"},{"@type":"Organization","@id":"https:\/\/www.hotel-simplon-lyon.com\/es\/#organization","name":"Globe Cecil","url":"https:\/\/www.hotel-simplon-lyon.com\/es\/","logo":{"@type":"ImageObject","inLanguage":"es","@id":"https:\/\/www.hotel-simplon-lyon.com\/es\/#\/schema\/logo\/image\/","url":"https:\/\/www.hotel-simplon-lyon.com\/wp-content\/uploads\/sites\/6\/2025\/05\/LOGO-Simplon-White.svg","contentUrl":"https:\/\/www.hotel-simplon-lyon.com\/wp-content\/uploads\/sites\/6\/2025\/05\/LOGO-Simplon-White.svg","width":409,"height":52,"caption":"Globe Cecil"},"image":{"@id":"https:\/\/www.hotel-simplon-lyon.com\/es\/#\/schema\/logo\/image\/"}}]}},"_links":{"self":[{"href":"https:\/\/www.hotel-simplon-lyon.com\/es\/wp-json\/wp\/v2\/pages\/3119","targetHints":{"allow":["GET"]}}],"collection":[{"href":"https:\/\/www.hotel-simplon-lyon.com\/es\/wp-json\/wp\/v2\/pages"}],"about":[{"href":"https:\/\/www.hotel-simplon-lyon.com\/es\/wp-json\/wp\/v2\/types\/page"}],"author":[{"embeddable":true,"href":"https:\/\/www.hotel-simplon-lyon.com\/es\/wp-json\/wp\/v2\/users\/2"}],"replies":[{"embeddable":true,"href":"https:\/\/www.hotel-simplon-lyon.com\/es\/wp-json\/wp\/v2\/comments?post=3119"}],"version-history":[{"count":24,"href":"https:\/\/www.hotel-simplon-lyon.com\/es\/wp-json\/wp\/v2\/pages\/3119\/revisions"}],"predecessor-version":[{"id":8305,"href":"https:\/\/www.hotel-simplon-lyon.com\/es\/wp-json\/wp\/v2\/pages\/3119\/revisions\/8305"}],"wp:attachment":[{"href":"https:\/\/www.hotel-simplon-lyon.com\/es\/wp-json\/wp\/v2\/media?parent=3119"}],"curies":[{"name":"wp","href":"https:\/\/api.w.org\/{rel}","templated":true}]}}