{"id":2979,"date":"2025-04-16T17:40:05","date_gmt":"2025-04-16T15:40:05","guid":{"rendered":"https:\/\/www.hotel-simplon-lyon.com\/condiciones-generales-de-alquiler\/"},"modified":"2025-09-30T13:40:22","modified_gmt":"2025-09-30T11:40:22","slug":"condiciones-de-alquiler","status":"publish","type":"page","link":"https:\/\/www.hotel-simplon-lyon.com\/es\/condiciones-de-alquiler\/","title":{"rendered":"Condiciones de venta"},"content":{"rendered":"\n<section class=\"heading wp-elements-d0149f36c5348d78d19e3481316ea7d1 wp-elements-d0149f36c5348d78d19e3481316ea7d1 wp-block-acf-heading has-text-color has-primary-color has-background has-white-100-background-color\">\n\t<div class=\"heading__container\">\n\t\t\t\t\t<div class=\"heading__background-picture\">\n\t\t\t\t<img decoding=\"async\" width=\"1620\" height=\"1080\" src=\"https:\/\/www.hotel-simplon-lyon.com\/wp-content\/uploads\/sites\/6\/2025\/03\/Hotel-Simplon-Lyon-Perrache_230828_022.jpg\" class=\"attachment-full size-full\" alt=\"Hotel Simplon Lyon Perrache 230828 022\" fetchpriority=\"high\" srcset=\"https:\/\/www.hotel-simplon-lyon.com\/wp-content\/uploads\/sites\/6\/2025\/03\/Hotel-Simplon-Lyon-Perrache_230828_022.jpg 1620w, https:\/\/www.hotel-simplon-lyon.com\/wp-content\/uploads\/sites\/6\/2025\/03\/Hotel-Simplon-Lyon-Perrache_230828_022-600x400.jpg 600w, https:\/\/www.hotel-simplon-lyon.com\/wp-content\/uploads\/sites\/6\/2025\/03\/Hotel-Simplon-Lyon-Perrache_230828_022-1400x933.jpg 1400w, https:\/\/www.hotel-simplon-lyon.com\/wp-content\/uploads\/sites\/6\/2025\/03\/Hotel-Simplon-Lyon-Perrache_230828_022-768x512.jpg 768w, https:\/\/www.hotel-simplon-lyon.com\/wp-content\/uploads\/sites\/6\/2025\/03\/Hotel-Simplon-Lyon-Perrache_230828_022-1536x1024.jpg 1536w\" sizes=\"(max-width: 1620px) 100vw, 1620px\" \/>\t\t\t<\/div>\n\t\t\t\t<div class=\"heading__layout\">\n\t\t\t<div class=\"heading__content-wrapper has-white-100-background-color\">\n\t\t\t\t<div class=\"heading__content has-white-100-background-color\">\n\t\t\t\t\t\t\t\t\t<p id=\"breadcrumbs\"><span><span><a href=\"https:\/\/www.hotel-simplon-lyon.com\/es\/inicio\/\">Accueil<\/a><\/span><\/span><\/p>\t\t\t\t\t\t\t\t\t<div class=\"acf-innerblocks-container\">\n\n<div class=\"wp-block-group heading-content-group is-layout-grid wp-container-core-group-is-layout-96b258e4 wp-block-group-is-layout-grid\">\n<h1 class=\"wp-block-heading has-text-align-left heading__title has-primary-color has-text-color has-xx-large-font-size wp-container-content-32a3e683\">Condiciones de venta<\/h1>\n<\/div>\n\n<\/div>\n\t\t\t\t<\/div>\n\t\t\t\t\t\t\t\t<div class=\"heading__illustration illustration-with-parallax desktop-only\">\n\t\t\t\t\t<img decoding=\"async\" width=\"350\" height=\"350\" src=\"https:\/\/www.hotel-simplon-lyon.com\/wp-content\/uploads\/sites\/6\/2025\/04\/ENCRIER.png\" class=\"attachment-full size-full\" alt=\"ENCRIER\" fetchpriority=\"high\" srcset=\"https:\/\/www.hotel-simplon-lyon.com\/wp-content\/uploads\/sites\/6\/2025\/04\/ENCRIER.png 350w, https:\/\/www.hotel-simplon-lyon.com\/wp-content\/uploads\/sites\/6\/2025\/04\/ENCRIER-300x300.png 300w\" sizes=\"(max-width: 350px) 100vw, 350px\" \/>\t\t\t\t<\/div>\n\t\t\t\t\t\t\t<\/div>\n\t\t<\/div>\n\t<\/div>\n<\/section>\n\n\n\t<section\n\t\tstyle=\"padding-top:var(--wp--preset--spacing--theme-default);padding-bottom:var(--wp--preset--spacing--theme-default);\" class=\"block-container align wp-block-acf-block-container has-background has-white-background-color is-layout-flow wp-block-acf-block-container-is-layout-flow\"\t>\n\n\t\n\n<div class=\"wp-block-group has-global-padding is-layout-constrained wp-block-group-is-layout-constrained\">\n<p>Las presentes Condiciones Generales de Venta (en lo sucesivo denominadas \u00bb <strong><em>las Condiciones Generales<\/em><\/strong> \u00abo \u00bb Contrato <strong><em>el Contrato<\/em><\/strong> ) son ofrecidas por <a>la SAS <\/a>SOCI\u00c9T\u00c9 H\u00d4TELI\u00c8RE LYONNAISE, inscrita en el Registro Mercantil y de Sociedades de LYON con el n\u00famero 954501359, con domicilio social en 11 rue Duhamel, 69002 LYON (en lo sucesivo, \u00abel Establecimiento\u00bb). <strong><em>el Establecimiento<\/em><\/strong> \u00ab).<\/p>\n\n\n\n<p>ART\u00cdCULO 1: \u00c1MBITO DE APLICACI\u00d3N<\/p>\n\n\n\n<p>Las presentes Condiciones Generales se aplican a todas las compras de servicios de reserva de habitaciones de hotel y servicios relacionados (\u00bb <strong><em>los Servicios<\/em><\/strong> \u00ab) ofrecidos por el Establecimiento a los consumidores (en lo sucesivo denominados indistintamente \u00bb <strong><em>el Cliente<\/em><\/strong> \u00bb o <strong><em>\u00abel Consumidor <\/em><\/strong>\u00ab) a trav\u00e9s del sitio web del Establecimiento (\u00bb <strong><em>el Sitio<\/em><\/strong> \u00ab).<\/p>\n\n\n\n<p>Las principales caracter\u00edsticas de los Servicios se presentan en el Sitio del Establecimiento. Es responsabilidad del Cliente leerlas antes de efectuar cualquier Reserva. <\/p>\n\n\n\n<p>Las presentes Condiciones Generales regulan \u00fanicamente la venta de Servicios a consumidores.<\/p>\n\n\n\n<p>Al aceptar las presentes Condiciones Generales, el Cliente reconoce que es un Consumidor, es decir, una persona f\u00edsica que act\u00faa con fines que no entran en el \u00e1mbito de su actividad comercial, industrial, artesanal, liberal o agr\u00edcola.<\/p>\n\n\n\n<p>Estas Condiciones Generales pueden consultarse e imprimirse en cualquier momento a trav\u00e9s de un enlace de hipertexto disponible en la parte inferior de cada p\u00e1gina del Sitio.<\/p>\n\n\n\n<p>Las presentes Condiciones Generales regulan todas las etapas necesarias para la Reserva y el seguimiento de la misma entre las partes contratantes.<\/p>\n\n\n\n<p>ART\u00cdCULO 2: ACEPTACI\u00d3N DE LAS CONDICIONES GENERALES DE VENTA<\/p>\n\n\n\n<p>Para finalizar la Reserva (\u00bb <strong><em>la Reserva<\/em><\/strong> \u00ab) y celebrar el presente Contrato, el Cliente deber\u00e1 haber le\u00eddo las presentes Condiciones Generales y haberlas aceptado antes de concluir la venta, es decir, finalizar la Reserva en el Sitio.<\/p>\n\n\n\n<p>De conformidad con lo dispuesto en el art\u00edculo L.221-28, 12\u00b0 del C\u00f3digo de Consumo franc\u00e9s, el consumidor renuncia sin reservas a cualquier pedido de servicios de alojamiento realizado al grupo \u00abLes Aubergistes Lyonnais\u00bb y a sus hoteles asociados cuando dichos servicios se presten para una fecha o un periodo determinados.<\/p>\n\n\n\n<p>ART\u00cdCULO 3: PRECIO, PAGO<\/p>\n\n\n\n<p><strong><u>Art\u00edculo 3.1 Precios<\/u><\/strong><strong><u><\/u><\/strong><\/p>\n\n\n\n<p>PRECIO<\/p>\n\n\n\n<p>Todos los precios se indican en euros (\u20ac), impuestos incluidos. Los precios indicados incluyen el IVA aplicable el d\u00eda del pedido. Los precios no incluyen la tasa tur\u00edstica, que puede abonarse directamente en el establecimiento.  <\/p>\n\n\n\n<p>Estos precios son v\u00e1lidos durante el periodo de validez indicado. Los precios se indican antes y en el momento de la Reserva efectuada por el Cliente. <\/p>\n\n\n\n<p>Los precios publicados se determinan mediante una pr\u00e1ctica de gesti\u00f3n ajustada de los precios. Por lo tanto, pueden depender de una serie de par\u00e1metros, entre otros: la fecha de reserva, la fecha de estancia, el tiempo transcurrido entre estas dos fechas, etc. <\/p>\n\n\n\n<p>Los precios son por habitaci\u00f3n para el n\u00famero de personas y las fechas seleccionadas por el Cliente.<\/p>\n\n\n\n<p>En cualquier caso, cualquier servicio adicional reservado y prestado por el establecimiento al Cliente durante su estancia deber\u00e1 ser abonado por el Cliente a m\u00e1s tardar en el momento de devolver la habitaci\u00f3n, a menos que dicho servicio haya sido pagado por adelantado.<\/p>\n\n\n\n<p>CAMBIOS DE PRECIO<\/p>\n\n\n\n<p>Los precios de los Servicios ser\u00e1n los que figuren en el Sitio en el momento de la validaci\u00f3n de la Reserva por parte del Cliente y para las fechas seleccionadas por el Cliente.<\/p>\n\n\n\n<p>Los precios mostrados en el Sitio pueden cambiar, pero estos cambios no afectar\u00e1n a ning\u00fan pedido confirmado por el Establecimiento en la confirmaci\u00f3n del pedido.<\/p>\n\n\n\n<p><strong><u>Art\u00edculo 3.2 Medios de pago<\/u><\/strong><\/p>\n\n\n\n<p>El Cliente puede pagar los Servicios con tarjeta (Mastercard, Visa, American Express), y por otros medios que puedan ser aplicables en su pa\u00eds (efectivo: EUROS).<\/p>\n\n\n\n<p>ART\u00cdCULO 4: DERECHO DE DESISTIMIENTO<\/p>\n\n\n\n<p>De conformidad con el art\u00edculo L.221-28 12\u00b0 del C\u00f3digo de Consumo, el Cliente no dispone del derecho de retractaci\u00f3n previsto en el art\u00edculo L.221-18 del C\u00f3digo de Consumo, si los Servicios se prestan en una fecha determinada o durante un periodo determinado.<\/p>\n\n\n\n<p>Por lo tanto, el contrato se perfecciona definitivamente desde el momento en que el Cliente solicita una Reserva de acuerdo con los t\u00e9rminos y condiciones especificados en las presentes Condiciones Generales.<\/p>\n\n\n\n<p>ART\u00cdCULO 5: COMUNICACIONES O RECLAMACIONES<\/p>\n\n\n\n<p>Cualquier comunicaci\u00f3n o notificaci\u00f3n prevista en las presentes Condiciones Generales deber\u00e1 ser realizada por el Cliente por escrito a la siguiente direcci\u00f3n de correo electr\u00f3nico :  <\/p>\n\n\n\n<p>CONTACTO<strong><u><\/u><\/strong><\/p>\n\n\n\n<p>SAS SOCI\u00c9T\u00c9 H\u00d4TELI\u00c8RE LYONNAISE<\/p>\n\n\n\n<p>11 rue Duhamel, 69002 LYON<\/p>\n\n\n\n<p>reception@hotel-simplon.fr<\/p>\n\n\n\n<p>+33(0)4 78 37 41 00<\/p>\n\n\n\n<p>ART\u00cdCULO 6: LLAMADA EN FR\u00cdO<\/p>\n\n\n\n<p>En aplicaci\u00f3n del art\u00edculo L.223-2 del C\u00f3digo de Consumo franc\u00e9s, el Establecimiento recuerda al Cliente que puede inscribirse gratuitamente en la lista telef\u00f3nica antisolicitud de BLOCTEL a trav\u00e9s del siguiente enlace: https: <a href=\"https:\/\/www.bloctel.gouv.fr\/\">\/\/www.bloctel.gouv.fr\/.<\/a><\/p>\n\n\n\n<p>ART\u00cdCULO 7: DERECHOS DE PROPIEDAD INTELECTUAL<\/p>\n\n\n\n<p>Todos los elementos del sitio web, incluidos los textos, im\u00e1genes, fotograf\u00edas, gr\u00e1ficos, logotipos, marcas, v\u00eddeos, sonidos, software, c\u00f3digos fuente, bases de datos, as\u00ed como la estructura general del sitio web, son propiedad exclusiva del hotel Globe&amp;Cecil o de sus socios contractuales, salvo que se indique expl\u00edcitamente lo contrario, y est\u00e1n protegidos por el C\u00f3digo de la Propiedad Intelectual franc\u00e9s.<\/p>\n\n\n\n<p>El sitio web ha sido dise\u00f1ado sobre la base del CMS WordPress, un software libre distribuido bajo licencia GPL. No obstante, los contenidos creados espec\u00edficamente para este sitio siguen estando sujetos a derechos de autor, a excepci\u00f3n de los elementos indicados como cubiertos por una licencia diferente. <\/p>\n\n\n\n<p>Sin autorizaci\u00f3n previa por escrito, toda reproducci\u00f3n, representaci\u00f3n, modificaci\u00f3n, adaptaci\u00f3n, publicaci\u00f3n o utilizaci\u00f3n, total o parcial, de todo o parte del sitio o de su contenido, en cualquier soporte y por cualquier procedimiento, con fines que no sean estrictamente personales y no comerciales, est\u00e1 estrictamente prohibida y constituye una infracci\u00f3n sancionada por los art\u00edculos L.335-2 y siguientes del C\u00f3digo franc\u00e9s de la Propiedad Intelectual. Se considera un delito penal y puede acarrear hasta tres a\u00f1os de prisi\u00f3n y una multa de 300.000 euros. <\/p>\n\n\n\n<p>Las bases de datos del sitio est\u00e1n protegidas por las disposiciones de la ley de 1 de julio de 1998 que transpone la directiva europea de 11 de marzo de 1996. Por lo tanto, se proh\u00edbe cualquier extracci\u00f3n o reutilizaci\u00f3n sustancial y repetida del contenido de estas bases de datos. <\/p>\n\n\n\n<p>El Cliente no se beneficia de ninguna cesi\u00f3n de derechos de propiedad intelectual en virtud de las presentes Condiciones Generales. Los conocimientos t\u00e9cnicos, desarrollos t\u00e9cnicos, modelos, estudios, prototipos y servicios suministrados seguir\u00e1n siendo propiedad exclusiva del Vendedor y s\u00f3lo podr\u00e1n utilizarse en el marco estricto del contrato que vincula a las partes. <\/p>\n\n\n\n<p>Cualquier uso no autorizado del sitio o de alguno de sus elementos puede comprometer la responsabilidad de su autor.<\/p>\n\n\n\n<p>ART\u00cdCULO 8: LEY APLICABLE Y JURISDICCI\u00d3N<strong><u><\/u><\/strong><\/p>\n\n\n\n<p>Sin perjuicio de las normas legales imperativas de su lugar de residencia, las presentes Condiciones Generales se rigen por la legislaci\u00f3n francesa.<\/p>\n\n\n\n<p>En caso de litigio relativo a la interpretaci\u00f3n o a la ejecuci\u00f3n de las presentes Condiciones Generales, se invita al Cliente a ponerse en contacto prioritariamente con el servicio de atenci\u00f3n al cliente del Establecimiento con el fin de encontrar una soluci\u00f3n amistosa.  <\/p>\n\n\n\n<p>De conformidad con las disposiciones del C\u00f3digo de Consumo relativas a la resoluci\u00f3n amistosa de litigios, el Cliente podr\u00e1, antes de emprender cualquier acci\u00f3n judicial, recurrir gratuitamente al servicio de mediaci\u00f3n para litigios relativos a los derechos de los consumidores. El mediador competente es La M\u00e9diation du Tourisme et du Voyage (MTV), con el que el Cliente puede ponerse en contacto de la siguiente manera: <\/p>\n\n\n\n<ul class=\"wp-block-list\">\n<li>Direcci\u00f3n postal: CS 30958 &#8211; 75383 PARIS CEDEX 08  <\/li>\n\n\n\n<li>Tel\u00e9fono: 01 42 67 96 68<\/li>\n\n\n\n<li>Correo electr\u00f3nico: <a href=\"mailto:info@mtv.travel\">info@mtv.travel<\/a><\/li>\n\n\n\n<li>P\u00e1gina web para tr\u00e1mites en l\u00ednea: https: <a href=\"https:\/\/www.mtv.travel\/saisir-le-mediateur\/\">\/\/www.mtv.travel\/saisir-le-mediateur\/<\/a><\/li>\n<\/ul>\n\n\n\n<p><\/p>\n<\/div>\n\n\n\n<\/section>\n","protected":false},"excerpt":{"rendered":"","protected":false},"author":2,"featured_media":0,"parent":0,"menu_order":0,"comment_status":"closed","ping_status":"closed","template":"","meta":{"_acf_changed":false,"inline_featured_image":false,"footnotes":""},"class_list":["post-2979","page","type-page","status-publish","hentry"],"acf":[],"yoast_head":"<!-- This site is optimized with the Yoast SEO plugin v27.4 - https:\/\/yoast.com\/product\/yoast-seo-wordpress\/ -->\n<title>Condiciones de venta - Le Simplon<\/title>\n<meta name=\"robots\" content=\"noindex, follow\" \/>\n<meta property=\"og:locale\" content=\"es_ES\" \/>\n<meta property=\"og:type\" content=\"article\" \/>\n<meta property=\"og:title\" content=\"Condiciones de venta - Le Simplon\" \/>\n<meta property=\"og:url\" content=\"https:\/\/www.hotel-simplon-lyon.com\/es\/condiciones-de-alquiler\/\" \/>\n<meta property=\"og:site_name\" content=\"Le Simplon\" \/>\n<meta property=\"article:modified_time\" content=\"2025-09-30T11:40:22+00:00\" \/>\n<meta name=\"twitter:card\" content=\"summary_large_image\" \/>\n<meta name=\"twitter:label1\" content=\"Tiempo de lectura\" \/>\n\t<meta name=\"twitter:data1\" content=\"7 minuto\" \/>\n<script type=\"application\/ld+json\" class=\"yoast-schema-graph\">{\"@context\":\"https:\\\/\\\/schema.org\",\"@graph\":[{\"@type\":\"WebPage\",\"@id\":\"https:\\\/\\\/www.hotel-simplon-lyon.com\\\/es\\\/condiciones-de-alquiler\\\/\",\"url\":\"https:\\\/\\\/www.hotel-simplon-lyon.com\\\/es\\\/condiciones-de-alquiler\\\/\",\"name\":\"Condiciones de venta - Le Simplon\",\"isPartOf\":{\"@id\":\"https:\\\/\\\/www.hotel-simplon-lyon.com\\\/es\\\/#website\"},\"datePublished\":\"2025-04-16T15:40:05+00:00\",\"dateModified\":\"2025-09-30T11:40:22+00:00\",\"breadcrumb\":{\"@id\":\"https:\\\/\\\/www.hotel-simplon-lyon.com\\\/es\\\/condiciones-de-alquiler\\\/#breadcrumb\"},\"inLanguage\":\"es\",\"potentialAction\":[{\"@type\":\"ReadAction\",\"target\":[\"https:\\\/\\\/www.hotel-simplon-lyon.com\\\/es\\\/condiciones-de-alquiler\\\/\"]}]},{\"@type\":\"BreadcrumbList\",\"@id\":\"https:\\\/\\\/www.hotel-simplon-lyon.com\\\/es\\\/condiciones-de-alquiler\\\/#breadcrumb\",\"itemListElement\":[{\"@type\":\"ListItem\",\"position\":1,\"name\":\"Accueil\",\"item\":\"https:\\\/\\\/www.hotel-simplon-lyon.com\\\/es\\\/inicio\\\/\"},{\"@type\":\"ListItem\",\"position\":2,\"name\":\"Condiciones de venta\"}]},{\"@type\":\"WebSite\",\"@id\":\"https:\\\/\\\/www.hotel-simplon-lyon.com\\\/es\\\/#website\",\"url\":\"https:\\\/\\\/www.hotel-simplon-lyon.com\\\/es\\\/\",\"name\":\"Globe Cecil\",\"description\":\"\",\"publisher\":{\"@id\":\"https:\\\/\\\/www.hotel-simplon-lyon.com\\\/es\\\/#organization\"},\"potentialAction\":[{\"@type\":\"SearchAction\",\"target\":{\"@type\":\"EntryPoint\",\"urlTemplate\":\"https:\\\/\\\/www.hotel-simplon-lyon.com\\\/es\\\/?s={search_term_string}\"},\"query-input\":{\"@type\":\"PropertyValueSpecification\",\"valueRequired\":true,\"valueName\":\"search_term_string\"}}],\"inLanguage\":\"es\"},{\"@type\":\"Organization\",\"@id\":\"https:\\\/\\\/www.hotel-simplon-lyon.com\\\/es\\\/#organization\",\"name\":\"Globe Cecil\",\"url\":\"https:\\\/\\\/www.hotel-simplon-lyon.com\\\/es\\\/\",\"logo\":{\"@type\":\"ImageObject\",\"inLanguage\":\"es\",\"@id\":\"https:\\\/\\\/www.hotel-simplon-lyon.com\\\/es\\\/#\\\/schema\\\/logo\\\/image\\\/\",\"url\":\"https:\\\/\\\/www.hotel-simplon-lyon.com\\\/wp-content\\\/uploads\\\/sites\\\/6\\\/2025\\\/05\\\/LOGO-Simplon-White.svg\",\"contentUrl\":\"https:\\\/\\\/www.hotel-simplon-lyon.com\\\/wp-content\\\/uploads\\\/sites\\\/6\\\/2025\\\/05\\\/LOGO-Simplon-White.svg\",\"width\":409,\"height\":52,\"caption\":\"Globe Cecil\"},\"image\":{\"@id\":\"https:\\\/\\\/www.hotel-simplon-lyon.com\\\/es\\\/#\\\/schema\\\/logo\\\/image\\\/\"}}]}<\/script>\n<!-- \/ Yoast SEO plugin. -->","yoast_head_json":{"title":"Condiciones de venta - Le Simplon","robots":{"index":"noindex","follow":"follow"},"og_locale":"es_ES","og_type":"article","og_title":"Condiciones de venta - Le Simplon","og_url":"https:\/\/www.hotel-simplon-lyon.com\/es\/condiciones-de-alquiler\/","og_site_name":"Le Simplon","article_modified_time":"2025-09-30T11:40:22+00:00","twitter_card":"summary_large_image","twitter_misc":{"Tiempo de lectura":"7 minuto"},"schema":{"@context":"https:\/\/schema.org","@graph":[{"@type":"WebPage","@id":"https:\/\/www.hotel-simplon-lyon.com\/es\/condiciones-de-alquiler\/","url":"https:\/\/www.hotel-simplon-lyon.com\/es\/condiciones-de-alquiler\/","name":"Condiciones de venta - Le Simplon","isPartOf":{"@id":"https:\/\/www.hotel-simplon-lyon.com\/es\/#website"},"datePublished":"2025-04-16T15:40:05+00:00","dateModified":"2025-09-30T11:40:22+00:00","breadcrumb":{"@id":"https:\/\/www.hotel-simplon-lyon.com\/es\/condiciones-de-alquiler\/#breadcrumb"},"inLanguage":"es","potentialAction":[{"@type":"ReadAction","target":["https:\/\/www.hotel-simplon-lyon.com\/es\/condiciones-de-alquiler\/"]}]},{"@type":"BreadcrumbList","@id":"https:\/\/www.hotel-simplon-lyon.com\/es\/condiciones-de-alquiler\/#breadcrumb","itemListElement":[{"@type":"ListItem","position":1,"name":"Accueil","item":"https:\/\/www.hotel-simplon-lyon.com\/es\/inicio\/"},{"@type":"ListItem","position":2,"name":"Condiciones de venta"}]},{"@type":"WebSite","@id":"https:\/\/www.hotel-simplon-lyon.com\/es\/#website","url":"https:\/\/www.hotel-simplon-lyon.com\/es\/","name":"Globe Cecil","description":"","publisher":{"@id":"https:\/\/www.hotel-simplon-lyon.com\/es\/#organization"},"potentialAction":[{"@type":"SearchAction","target":{"@type":"EntryPoint","urlTemplate":"https:\/\/www.hotel-simplon-lyon.com\/es\/?s={search_term_string}"},"query-input":{"@type":"PropertyValueSpecification","valueRequired":true,"valueName":"search_term_string"}}],"inLanguage":"es"},{"@type":"Organization","@id":"https:\/\/www.hotel-simplon-lyon.com\/es\/#organization","name":"Globe Cecil","url":"https:\/\/www.hotel-simplon-lyon.com\/es\/","logo":{"@type":"ImageObject","inLanguage":"es","@id":"https:\/\/www.hotel-simplon-lyon.com\/es\/#\/schema\/logo\/image\/","url":"https:\/\/www.hotel-simplon-lyon.com\/wp-content\/uploads\/sites\/6\/2025\/05\/LOGO-Simplon-White.svg","contentUrl":"https:\/\/www.hotel-simplon-lyon.com\/wp-content\/uploads\/sites\/6\/2025\/05\/LOGO-Simplon-White.svg","width":409,"height":52,"caption":"Globe Cecil"},"image":{"@id":"https:\/\/www.hotel-simplon-lyon.com\/es\/#\/schema\/logo\/image\/"}}]}},"_links":{"self":[{"href":"https:\/\/www.hotel-simplon-lyon.com\/es\/wp-json\/wp\/v2\/pages\/2979","targetHints":{"allow":["GET"]}}],"collection":[{"href":"https:\/\/www.hotel-simplon-lyon.com\/es\/wp-json\/wp\/v2\/pages"}],"about":[{"href":"https:\/\/www.hotel-simplon-lyon.com\/es\/wp-json\/wp\/v2\/types\/page"}],"author":[{"embeddable":true,"href":"https:\/\/www.hotel-simplon-lyon.com\/es\/wp-json\/wp\/v2\/users\/2"}],"replies":[{"embeddable":true,"href":"https:\/\/www.hotel-simplon-lyon.com\/es\/wp-json\/wp\/v2\/comments?post=2979"}],"version-history":[{"count":14,"href":"https:\/\/www.hotel-simplon-lyon.com\/es\/wp-json\/wp\/v2\/pages\/2979\/revisions"}],"predecessor-version":[{"id":7748,"href":"https:\/\/www.hotel-simplon-lyon.com\/es\/wp-json\/wp\/v2\/pages\/2979\/revisions\/7748"}],"wp:attachment":[{"href":"https:\/\/www.hotel-simplon-lyon.com\/es\/wp-json\/wp\/v2\/media?parent=2979"}],"curies":[{"name":"wp","href":"https:\/\/api.w.org\/{rel}","templated":true}]}}