{"id":8437,"date":"2026-05-11T17:35:48","date_gmt":"2026-05-11T15:35:48","guid":{"rendered":"https:\/\/www.hotel-simplon-lyon.com\/site-map\/"},"modified":"2026-05-11T17:36:10","modified_gmt":"2026-05-11T15:36:10","slug":"site-map","status":"publish","type":"page","link":"https:\/\/www.hotel-simplon-lyon.com\/en\/site-map\/","title":{"rendered":"Site map"},"content":{"rendered":"\n<section class=\"heading wp-elements-142c8c5377dc4be09c961ffef0250c3c wp-elements-142c8c5377dc4be09c961ffef0250c3c wp-block-acf-heading has-text-color has-primary-color has-background has-white-100-background-color\">\n\t<div class=\"heading__container\">\n\t\t\t\t\t<div class=\"heading__background-picture\">\n\t\t\t\t<img decoding=\"async\" width=\"1920\" height=\"1280\" src=\"https:\/\/www.hotel-simplon-lyon.com\/wp-content\/uploads\/sites\/6\/2025\/03\/meilleur-hotel-de-lyon-centre.jpg\" class=\"attachment-full size-full\" alt=\"meilleur hotel de lyon centre\" fetchpriority=\"high\" srcset=\"https:\/\/www.hotel-simplon-lyon.com\/wp-content\/uploads\/sites\/6\/2025\/03\/meilleur-hotel-de-lyon-centre.jpg 1920w, https:\/\/www.hotel-simplon-lyon.com\/wp-content\/uploads\/sites\/6\/2025\/03\/meilleur-hotel-de-lyon-centre-300x200.jpg 300w, https:\/\/www.hotel-simplon-lyon.com\/wp-content\/uploads\/sites\/6\/2025\/03\/meilleur-hotel-de-lyon-centre-1024x683.jpg 1024w, https:\/\/www.hotel-simplon-lyon.com\/wp-content\/uploads\/sites\/6\/2025\/03\/meilleur-hotel-de-lyon-centre-768x512.jpg 768w, https:\/\/www.hotel-simplon-lyon.com\/wp-content\/uploads\/sites\/6\/2025\/03\/meilleur-hotel-de-lyon-centre-1536x1024.jpg 1536w\" sizes=\"(max-width: 1920px) 100vw, 1920px\" \/>\t\t\t<\/div>\n\t\t\t\t<div class=\"heading__layout\">\n\t\t\t<div class=\"heading__content-wrapper has-white-100-background-color\">\n\t\t\t\t<div class=\"heading__content has-white-100-background-color\">\n\t\t\t\t\t\t\t\t\t<p id=\"breadcrumbs\"><span><span><a href=\"https:\/\/www.hotel-simplon-lyon.com\/en\/home\/\">Home<\/a><\/span><\/span><\/p>\t\t\t\t\t\t\t\t\t<div class=\"acf-innerblocks-container\">\n\n<div class=\"wp-block-group heading-content-group is-layout-grid wp-container-core-group-is-layout-96b258e4 wp-block-group-is-layout-grid\">\n<h1 class=\"wp-block-heading has-text-align-left heading__title has-primary-color has-text-color has-xx-large-font-size wp-container-content-32a3e683\">Site map<\/h1>\n<\/div>\n\n<\/div>\n\t\t\t\t<\/div>\n\t\t\t\t\t\t\t\t<div class=\"heading__illustration illustration-with-parallax desktop-only\">\n\t\t\t\t\t<img decoding=\"async\" width=\"350\" height=\"350\" src=\"https:\/\/www.hotel-simplon-lyon.com\/wp-content\/uploads\/sites\/6\/2025\/04\/HORLOGE.png\" class=\"attachment-full size-full\" alt=\"HORLOGE\" fetchpriority=\"high\" srcset=\"https:\/\/www.hotel-simplon-lyon.com\/wp-content\/uploads\/sites\/6\/2025\/04\/HORLOGE.png 350w, https:\/\/www.hotel-simplon-lyon.com\/wp-content\/uploads\/sites\/6\/2025\/04\/HORLOGE-300x300.png 300w\" sizes=\"(max-width: 350px) 100vw, 350px\" \/>\t\t\t\t<\/div>\n\t\t\t\t\t\t\t<\/div>\n\t\t<\/div>\n\t<\/div>\n<\/section>\n\n\n\t<section\n\t\tstyle=\"padding-top:var(--wp--preset--spacing--theme-default);padding-bottom:var(--wp--preset--spacing--theme-default);\" class=\"block-container align wp-block-acf-block-container has-background has-white-background-color has-global-padding is-layout-constrained wp-block-acf-block-container-is-layout-constrained\"\t>\n\n\t\n\n<div class=\"wp-block-group is-layout-flow wp-block-group-is-layout-flow\"><div class=\"wsp-container\"><h2 class=\"wsp-pages-title\">Pages<\/h2>\n<ul class=\"wsp-pages-list\">\n<li class=\"page_item page-item-1805\"><a href=\"https:\/\/www.hotel-simplon-lyon.com\/en\/contact\/\">Contact<\/a><\/li>\n<li class=\"page_item page-item-1837\"><a href=\"https:\/\/www.hotel-simplon-lyon.com\/en\/current-offers\/\">Current offers<\/a><\/li>\n<li class=\"page_item page-item-1794\"><a href=\"https:\/\/www.hotel-simplon-lyon.com\/en\/faq\/\">FAQ<\/a><\/li>\n<li class=\"page_item page-item-1139\"><a href=\"https:\/\/www.hotel-simplon-lyon.com\/en\/\">Home<\/a><\/li>\n<li class=\"page_item page-item-1832\"><a href=\"https:\/\/www.hotel-simplon-lyon.com\/en\/legal-notices\/\">Legal notices<\/a><\/li>\n<li class=\"page_item page-item-7544\"><a href=\"https:\/\/www.hotel-simplon-lyon.com\/en\/privacy-policy\/\">Privacy policy<\/a><\/li>\n<li class=\"page_item page-item-8437\"><a href=\"https:\/\/www.hotel-simplon-lyon.com\/en\/site-map\/\">Site map<\/a><\/li>\n<li class=\"page_item page-item-1801\"><a href=\"https:\/\/www.hotel-simplon-lyon.com\/en\/general-terms-and-conditions-of-hire-in\/\">Terms and conditions of sale<\/a><\/li>\n<li class=\"page_item page-item-1808 page_item_has_children\"><a href=\"https:\/\/www.hotel-simplon-lyon.com\/en\/3-star-hotel-lyon-perrache\/\">The hotel<\/a>\n<ul class='children'>\n\t<li class=\"page_item page-item-1815\"><a href=\"https:\/\/www.hotel-simplon-lyon.com\/en\/3-star-hotel-lyon-perrache\/the-services\/\">Les services-en<\/a><\/li>\n\t<li class=\"page_item page-item-1830\"><a href=\"https:\/\/www.hotel-simplon-lyon.com\/en\/3-star-hotel-lyon-perrache\/location\/\">Location<\/a><\/li>\n\t<li class=\"page_item page-item-1818\"><a href=\"https:\/\/www.hotel-simplon-lyon.com\/en\/3-star-hotel-lyon-perrache\/our-commitments\/\">Our commitments<\/a><\/li>\n<\/ul>\n<\/li>\n<li class=\"page_item page-item-1822 current_page_parent\"><a href=\"https:\/\/www.hotel-simplon-lyon.com\/en\/lyon-perrache-district\/\">The Perrache district<\/a><\/li>\n<li class=\"page_item page-item-1825\"><a href=\"https:\/\/www.hotel-simplon-lyon.com\/en\/3-star-hotel-rooms\/\">The rooms<\/a><\/li>\n<li class=\"page_item page-item-8068\"><a href=\"https:\/\/www.hotel-simplon-lyon.com\/en\/room-directory\/\">Welcome booklet<\/a><\/li>\n<\/ul>\n<h2 class=\"wsp-posts-title\">Posts by category<\/h2>\n<ul class=\"wsp-posts-list\">\n\t<li><strong class=\"wsp-category-title\">Category: <a href=\"https:\/\/www.hotel-simplon-lyon.com\/en\/le-quartier-lyon-perrache\/food-and-gastronomy\/\">Gastronomy<\/a><\/strong>\n<ul class=\"wsp-posts-list\">\t\t<li class=\"wsp-post\"><a href=\"https:\/\/www.hotel-simplon-lyon.com\/en\/lyon-perrache-district\/la-brasserie-georges-a-culinary-and-historical-journey-in-lyon\/\">Brasserie Georges: a culinary and historical journey in Lyon<\/a><\/li>\n\t\t<li class=\"wsp-post\"><a href=\"https:\/\/www.hotel-simplon-lyon.com\/en\/lyon-perrache-district\/best-bistronomic-restaurants-perrache\/\">Best bistronomic restaurants &#8211; Perrache<\/a><\/li>\n<\/ul><\/li>\n\t<li><strong class=\"wsp-category-title\">Category: <a href=\"https:\/\/www.hotel-simplon-lyon.com\/en\/le-quartier-lyon-perrache\/cultural-visits\/\">Visite culturelle<\/a><\/strong>\n<ul class=\"wsp-posts-list\">\t\t<li class=\"wsp-post\"><a href=\"https:\/\/www.hotel-simplon-lyon.com\/en\/lyon-perrache-district\/musee-des-confluences-a-journey-to-the-heart-of-knowledge\/\">Mus\u00e9e des Confluences: a journey to the heart of knowledge<\/a><\/li>\n\t\t<li class=\"wsp-post\"><a href=\"https:\/\/www.hotel-simplon-lyon.com\/en\/lyon-perrache-district\/visit-place-carnot-a-witness-to-lyons-history\/\">Visit Place Carnot, a witness to Lyon&#8217;s history<\/a><\/li>\n\t\t<li class=\"wsp-post\"><a href=\"https:\/\/www.hotel-simplon-lyon.com\/en\/lyon-perrache-district\/sightseeing-around-lyon-perrache-must-sees\/\">Must-see tours Lyon Perrache<\/a><\/li>\n\t\t<li class=\"wsp-post\"><a href=\"https:\/\/www.hotel-simplon-lyon.com\/en\/lyon-perrache-district\/confluence-the-district-that-is-reinventing-lyon\/\">Confluence, the district that is reinventing Lyon<\/a><\/li>\n<\/ul><\/li>\n<\/ul>\n<h2 class=\"wsp-bedrooms-title\">Rooms<\/h2>\n<ul class=\"wsp-bedrooms-list\">\n<li><a href=\"https:\/\/www.hotel-simplon-lyon.com\/en\/3-star-hotel-rooms\/quadruple\/\">Quadruple<\/a><\/li>\n<li><a href=\"https:\/\/www.hotel-simplon-lyon.com\/en\/3-star-hotel-rooms\/classic\/\">Classic<\/a><\/li>\n<li><a href=\"https:\/\/www.hotel-simplon-lyon.com\/en\/3-star-hotel-rooms\/solo\/\">Single<\/a><\/li>\n<li><a href=\"https:\/\/www.hotel-simplon-lyon.com\/en\/3-star-hotel-rooms\/triple\/\">Triple<\/a><\/li>\n<li><a href=\"https:\/\/www.hotel-simplon-lyon.com\/en\/3-star-hotel-rooms\/privilege\/\">Privilege<\/a><\/li>\n<li><a href=\"https:\/\/www.hotel-simplon-lyon.com\/en\/3-star-hotel-rooms\/superior\/\">Superior<\/a><\/li>\n<\/ul>\n<\/div>\n<\/div>\n\n\n\n<\/section>\n","protected":false},"excerpt":{"rendered":"","protected":false},"author":2,"featured_media":0,"parent":0,"menu_order":0,"comment_status":"closed","ping_status":"closed","template":"","meta":{"_acf_changed":false,"inline_featured_image":false,"footnotes":""},"class_list":["post-8437","page","type-page","status-publish","hentry"],"acf":[],"yoast_head":"<!-- This site is optimized with the Yoast SEO plugin v27.5 - https:\/\/yoast.com\/product\/yoast-seo-wordpress\/ -->\n<title>Site map - Le Simplon<\/title>\n<meta name=\"robots\" content=\"index, follow, max-snippet:-1, max-image-preview:large, max-video-preview:-1\" \/>\n<link rel=\"canonical\" href=\"https:\/\/www.hotel-simplon-lyon.com\/en\/site-map\/\" \/>\n<meta property=\"og:locale\" content=\"en_US\" \/>\n<meta property=\"og:type\" content=\"article\" \/>\n<meta property=\"og:title\" content=\"Site map - Le Simplon\" \/>\n<meta property=\"og:url\" content=\"https:\/\/www.hotel-simplon-lyon.com\/en\/site-map\/\" \/>\n<meta property=\"og:site_name\" content=\"Le Simplon\" \/>\n<meta property=\"article:modified_time\" content=\"2026-05-11T15:36:10+00:00\" \/>\n<meta name=\"twitter:card\" content=\"summary_large_image\" \/>\n<script type=\"application\/ld+json\" class=\"yoast-schema-graph\">{\"@context\":\"https:\\\/\\\/schema.org\",\"@graph\":[{\"@type\":\"WebPage\",\"@id\":\"https:\\\/\\\/www.hotel-simplon-lyon.com\\\/en\\\/site-map\\\/\",\"url\":\"https:\\\/\\\/www.hotel-simplon-lyon.com\\\/en\\\/site-map\\\/\",\"name\":\"Site map - Le Simplon\",\"isPartOf\":{\"@id\":\"https:\\\/\\\/www.hotel-simplon-lyon.com\\\/en\\\/#website\"},\"datePublished\":\"2026-05-11T15:35:48+00:00\",\"dateModified\":\"2026-05-11T15:36:10+00:00\",\"breadcrumb\":{\"@id\":\"https:\\\/\\\/www.hotel-simplon-lyon.com\\\/en\\\/site-map\\\/#breadcrumb\"},\"inLanguage\":\"en-US\",\"potentialAction\":[{\"@type\":\"ReadAction\",\"target\":[\"https:\\\/\\\/www.hotel-simplon-lyon.com\\\/en\\\/site-map\\\/\"]}]},{\"@type\":\"BreadcrumbList\",\"@id\":\"https:\\\/\\\/www.hotel-simplon-lyon.com\\\/en\\\/site-map\\\/#breadcrumb\",\"itemListElement\":[{\"@type\":\"ListItem\",\"position\":1,\"name\":\"Home\",\"item\":\"https:\\\/\\\/www.hotel-simplon-lyon.com\\\/en\\\/home\\\/\"},{\"@type\":\"ListItem\",\"position\":2,\"name\":\"Site map\"}]},{\"@type\":\"WebSite\",\"@id\":\"https:\\\/\\\/www.hotel-simplon-lyon.com\\\/en\\\/#website\",\"url\":\"https:\\\/\\\/www.hotel-simplon-lyon.com\\\/en\\\/\",\"name\":\"Globe Cecil\",\"description\":\"H\u00f4tel 4 \u00e9toiles \u00e0 Lyon\",\"publisher\":{\"@id\":\"https:\\\/\\\/www.hotel-simplon-lyon.com\\\/en\\\/#organization\"},\"potentialAction\":[{\"@type\":\"SearchAction\",\"target\":{\"@type\":\"EntryPoint\",\"urlTemplate\":\"https:\\\/\\\/www.hotel-simplon-lyon.com\\\/en\\\/?s={search_term_string}\"},\"query-input\":{\"@type\":\"PropertyValueSpecification\",\"valueRequired\":true,\"valueName\":\"search_term_string\"}}],\"inLanguage\":\"en-US\"},{\"@type\":\"Organization\",\"@id\":\"https:\\\/\\\/www.hotel-simplon-lyon.com\\\/en\\\/#organization\",\"name\":\"Globe Cecil\",\"url\":\"https:\\\/\\\/www.hotel-simplon-lyon.com\\\/en\\\/\",\"logo\":{\"@type\":\"ImageObject\",\"inLanguage\":\"en-US\",\"@id\":\"https:\\\/\\\/www.hotel-simplon-lyon.com\\\/en\\\/#\\\/schema\\\/logo\\\/image\\\/\",\"url\":\"https:\\\/\\\/www.hotel-simplon-lyon.com\\\/wp-content\\\/uploads\\\/sites\\\/6\\\/2025\\\/05\\\/LOGO-Simplon-White.svg\",\"contentUrl\":\"https:\\\/\\\/www.hotel-simplon-lyon.com\\\/wp-content\\\/uploads\\\/sites\\\/6\\\/2025\\\/05\\\/LOGO-Simplon-White.svg\",\"width\":409,\"height\":52,\"caption\":\"Globe Cecil\"},\"image\":{\"@id\":\"https:\\\/\\\/www.hotel-simplon-lyon.com\\\/en\\\/#\\\/schema\\\/logo\\\/image\\\/\"}}]}<\/script>\n<!-- \/ Yoast SEO plugin. -->","yoast_head_json":{"title":"Site map - Le Simplon","robots":{"index":"index","follow":"follow","max-snippet":"max-snippet:-1","max-image-preview":"max-image-preview:large","max-video-preview":"max-video-preview:-1"},"canonical":"https:\/\/www.hotel-simplon-lyon.com\/en\/site-map\/","og_locale":"en_US","og_type":"article","og_title":"Site map - Le Simplon","og_url":"https:\/\/www.hotel-simplon-lyon.com\/en\/site-map\/","og_site_name":"Le Simplon","article_modified_time":"2026-05-11T15:36:10+00:00","twitter_card":"summary_large_image","schema":{"@context":"https:\/\/schema.org","@graph":[{"@type":"WebPage","@id":"https:\/\/www.hotel-simplon-lyon.com\/en\/site-map\/","url":"https:\/\/www.hotel-simplon-lyon.com\/en\/site-map\/","name":"Site map - Le Simplon","isPartOf":{"@id":"https:\/\/www.hotel-simplon-lyon.com\/en\/#website"},"datePublished":"2026-05-11T15:35:48+00:00","dateModified":"2026-05-11T15:36:10+00:00","breadcrumb":{"@id":"https:\/\/www.hotel-simplon-lyon.com\/en\/site-map\/#breadcrumb"},"inLanguage":"en-US","potentialAction":[{"@type":"ReadAction","target":["https:\/\/www.hotel-simplon-lyon.com\/en\/site-map\/"]}]},{"@type":"BreadcrumbList","@id":"https:\/\/www.hotel-simplon-lyon.com\/en\/site-map\/#breadcrumb","itemListElement":[{"@type":"ListItem","position":1,"name":"Home","item":"https:\/\/www.hotel-simplon-lyon.com\/en\/home\/"},{"@type":"ListItem","position":2,"name":"Site map"}]},{"@type":"WebSite","@id":"https:\/\/www.hotel-simplon-lyon.com\/en\/#website","url":"https:\/\/www.hotel-simplon-lyon.com\/en\/","name":"Globe Cecil","description":"H\u00f4tel 4 \u00e9toiles \u00e0 Lyon","publisher":{"@id":"https:\/\/www.hotel-simplon-lyon.com\/en\/#organization"},"potentialAction":[{"@type":"SearchAction","target":{"@type":"EntryPoint","urlTemplate":"https:\/\/www.hotel-simplon-lyon.com\/en\/?s={search_term_string}"},"query-input":{"@type":"PropertyValueSpecification","valueRequired":true,"valueName":"search_term_string"}}],"inLanguage":"en-US"},{"@type":"Organization","@id":"https:\/\/www.hotel-simplon-lyon.com\/en\/#organization","name":"Globe Cecil","url":"https:\/\/www.hotel-simplon-lyon.com\/en\/","logo":{"@type":"ImageObject","inLanguage":"en-US","@id":"https:\/\/www.hotel-simplon-lyon.com\/en\/#\/schema\/logo\/image\/","url":"https:\/\/www.hotel-simplon-lyon.com\/wp-content\/uploads\/sites\/6\/2025\/05\/LOGO-Simplon-White.svg","contentUrl":"https:\/\/www.hotel-simplon-lyon.com\/wp-content\/uploads\/sites\/6\/2025\/05\/LOGO-Simplon-White.svg","width":409,"height":52,"caption":"Globe Cecil"},"image":{"@id":"https:\/\/www.hotel-simplon-lyon.com\/en\/#\/schema\/logo\/image\/"}}]}},"_links":{"self":[{"href":"https:\/\/www.hotel-simplon-lyon.com\/en\/wp-json\/wp\/v2\/pages\/8437","targetHints":{"allow":["GET"]}}],"collection":[{"href":"https:\/\/www.hotel-simplon-lyon.com\/en\/wp-json\/wp\/v2\/pages"}],"about":[{"href":"https:\/\/www.hotel-simplon-lyon.com\/en\/wp-json\/wp\/v2\/types\/page"}],"author":[{"embeddable":true,"href":"https:\/\/www.hotel-simplon-lyon.com\/en\/wp-json\/wp\/v2\/users\/2"}],"replies":[{"embeddable":true,"href":"https:\/\/www.hotel-simplon-lyon.com\/en\/wp-json\/wp\/v2\/comments?post=8437"}],"version-history":[{"count":1,"href":"https:\/\/www.hotel-simplon-lyon.com\/en\/wp-json\/wp\/v2\/pages\/8437\/revisions"}],"predecessor-version":[{"id":8438,"href":"https:\/\/www.hotel-simplon-lyon.com\/en\/wp-json\/wp\/v2\/pages\/8437\/revisions\/8438"}],"wp:attachment":[{"href":"https:\/\/www.hotel-simplon-lyon.com\/en\/wp-json\/wp\/v2\/media?parent=8437"}],"curies":[{"name":"wp","href":"https:\/\/api.w.org\/{rel}","templated":true}]}}