{"id":1825,"date":"2025-04-16T17:40:07","date_gmt":"2025-04-16T15:40:07","guid":{"rendered":"https:\/\/www.hotel-simplon-lyon.com\/les-chambres-en\/"},"modified":"2025-07-25T14:50:21","modified_gmt":"2025-07-25T12:50:21","slug":"3-star-hotel-rooms","status":"publish","type":"page","link":"https:\/\/www.hotel-simplon-lyon.com\/en\/3-star-hotel-rooms\/","title":{"rendered":"The rooms"},"content":{"rendered":"\n<section class=\"heading wp-elements-adef03783be95521d62c481d2d1cef23 wp-elements-adef03783be95521d62c481d2d1cef23 wp-block-acf-heading has-text-color has-primary-color has-background has-white-100-background-color\">\n\t<div class=\"heading__container\">\n\t\t\t\t\t<div class=\"heading__background-picture\">\n\t\t\t\t<img decoding=\"async\" width=\"1620\" height=\"1080\" src=\"https:\/\/www.hotel-simplon-lyon.com\/wp-content\/uploads\/sites\/6\/2025\/05\/hotel-de-charme-3-etoiles-lyon69.jpg\" class=\"attachment-full size-full\" alt=\"hotel de charme 3 etoiles lyon69\" fetchpriority=\"high\" srcset=\"https:\/\/www.hotel-simplon-lyon.com\/wp-content\/uploads\/sites\/6\/2025\/05\/hotel-de-charme-3-etoiles-lyon69.jpg 1620w, https:\/\/www.hotel-simplon-lyon.com\/wp-content\/uploads\/sites\/6\/2025\/05\/hotel-de-charme-3-etoiles-lyon69-600x400.jpg 600w, https:\/\/www.hotel-simplon-lyon.com\/wp-content\/uploads\/sites\/6\/2025\/05\/hotel-de-charme-3-etoiles-lyon69-1400x933.jpg 1400w, https:\/\/www.hotel-simplon-lyon.com\/wp-content\/uploads\/sites\/6\/2025\/05\/hotel-de-charme-3-etoiles-lyon69-768x512.jpg 768w, https:\/\/www.hotel-simplon-lyon.com\/wp-content\/uploads\/sites\/6\/2025\/05\/hotel-de-charme-3-etoiles-lyon69-1536x1024.jpg 1536w\" sizes=\"(max-width: 1620px) 100vw, 1620px\" \/>\t\t\t<\/div>\n\t\t\t\t<div class=\"heading__layout\">\n\t\t\t<div class=\"heading__content-wrapper has-white-100-background-color\">\n\t\t\t\t<div class=\"heading__content has-white-100-background-color\">\n\t\t\t\t\t\t\t\t\t<p id=\"breadcrumbs\"><span><span><a href=\"https:\/\/www.hotel-simplon-lyon.com\/en\/home\/\">Home<\/a><\/span><\/span><\/p>\t\t\t\t\t\t\t\t\t<div class=\"acf-innerblocks-container\">\n\n<div class=\"wp-block-group heading-content-group is-layout-grid wp-container-core-group-is-layout-96b258e4 wp-block-group-is-layout-grid\">\n<h1 class=\"wp-block-heading has-text-align-left heading__title has-primary-color has-text-color has-xx-large-font-size\">Your hotel room in Perrache<\/h1>\n<\/div>\n\n<\/div>\n\t\t\t\t<\/div>\n\t\t\t\t\t\t\t\t<div class=\"heading__illustration illustration-with-parallax desktop-only\">\n\t\t\t\t\t<img decoding=\"async\" width=\"2048\" height=\"1360\" src=\"https:\/\/www.hotel-simplon-lyon.com\/wp-content\/uploads\/sites\/6\/2025\/05\/train-scaled.png\" class=\"attachment-full size-full\" alt=\"train scaled\" fetchpriority=\"high\" srcset=\"https:\/\/www.hotel-simplon-lyon.com\/wp-content\/uploads\/sites\/6\/2025\/05\/train-scaled.png 2048w, https:\/\/www.hotel-simplon-lyon.com\/wp-content\/uploads\/sites\/6\/2025\/05\/train-600x398.png 600w, https:\/\/www.hotel-simplon-lyon.com\/wp-content\/uploads\/sites\/6\/2025\/05\/train-1400x930.png 1400w, https:\/\/www.hotel-simplon-lyon.com\/wp-content\/uploads\/sites\/6\/2025\/05\/train-768x510.png 768w, https:\/\/www.hotel-simplon-lyon.com\/wp-content\/uploads\/sites\/6\/2025\/05\/train-1536x1020.png 1536w\" sizes=\"(max-width: 2048px) 100vw, 2048px\" \/>\t\t\t\t<\/div>\n\t\t\t\t\t\t\t<\/div>\n\t\t<\/div>\n\t<\/div>\n<\/section>\n\n\n\t<section\n\t\tstyle=\"padding-top:var(--wp--preset--spacing--theme-default);padding-bottom:var(--wp--preset--spacing--theme-default);\" class=\"block-container align wp-block-acf-block-container has-background has-white-background-color has-global-padding is-layout-constrained wp-block-acf-block-container-is-layout-constrained\"\t>\n\n\t\n\n<div class=\"wp-block-group is-layout-flow wp-block-group-is-layout-flow\">\n<h3 class=\"wp-block-heading has-text-align-left\"><strong>The comfort of our 37 rooms<\/strong>!<\/h3>\n\n\n\n<p class=\"has-text-align-left has-large-font-size\">At the Hotel du Simplon, each room tells something of the spirit of the house.<\/p>\n\n\n\n<p>From a single bed to an XXL size for visiting tribes, our 37 rooms can accommodate all types of stopover, short or long, planned or last-minute.<\/p>\n\n\n\n<p>If you want to book a hotel in Lyon Perrache or the Ainay district, you&#8217;ve come to the right place: this is the 2nd arrondissement, the real city center.<\/p>\n<\/div>\n\n\n\n<\/section>\n\n\t<section\n\t\tstyle=\"padding-top:var(--wp--preset--spacing--theme-default);padding-bottom:var(--wp--preset--spacing--theme-default);\" class=\"block-container align wp-block-acf-block-container has-background has-white-100-background-color has-global-padding is-layout-constrained wp-container-acf-block-container-is-layout-afcd3024 wp-block-acf-block-container-is-layout-constrained\"\t>\n\n\t\n\n<div class=\"wp-block-group has-global-padding is-layout-constrained wp-block-group-is-layout-constrained\">\n<h2 class=\"wp-block-heading has-text-align-center\">One room, <mark class=\"has-inline-color has-secondary-color\">one need<\/mark>!<\/h2>\n\n\n\n<p class=\"has-text-align-center has-large-font-size\">If you&#8217;d like an intimate room, a bath, children&#8217;s beds&#8230;just ask.<\/p>\n<\/div>\n\n\n\n<div\n\tclass=\"card-grid alignwide wp-block-acf-grid\" id=\"card-grid-id-1\"\t>\n\t\n\t\t<div class=\"card-grid__innerblocks\">\n\t\t\t<div\n\t\tclass=\"card wp-block-acf-card\" id=\"card-id--1\"\t\t>\n\t\n\t\t\t<a href=\"https:\/\/www.hotel-simplon-lyon.com\/chambres-hotel-3-etoiles\/single\/\" class=\"card__link\"><\/a>\n\t\t<p class=\"card__excerpt\">Dans<br \/>\r\nma bulle !<\/p>\n\t\t<div class=\"card__title\">\n\t\t\t\t\t\t<span>Room<\/span>\n\t\t\t\t\t\t<p>Single<\/p>\n\t\t<\/div>\n\t\t\t\t<img decoding=\"async\" width=\"720\" height=\"1080\" src=\"https:\/\/www.hotel-simplon-lyon.com\/wp-content\/uploads\/sites\/6\/2025\/05\/Hotel-Lyon-centre-ville_Perrache_Simplon-71-1.jpg\" class=\"card__image wp-post-image\" alt=\"Ho\u0302tel Lyon centre ville Perrache Simplon 71\" srcset=\"https:\/\/www.hotel-simplon-lyon.com\/wp-content\/uploads\/sites\/6\/2025\/05\/Hotel-Lyon-centre-ville_Perrache_Simplon-71-1.jpg 720w, https:\/\/www.hotel-simplon-lyon.com\/wp-content\/uploads\/sites\/6\/2025\/05\/Hotel-Lyon-centre-ville_Perrache_Simplon-71-1-400x600.jpg 400w\" sizes=\"(max-width: 720px) 100vw, 720px\" \/>\t\t\t\n\t\t<\/div>\n\t\n\n\t\t\t<div\n\t\tclass=\"card wp-block-acf-card\" id=\"card-id--2\"\t\t>\n\t\n\t\t\t<a href=\"https:\/\/www.hotel-simplon-lyon.com\/chambres-hotel-3-etoiles\/classique\/\" class=\"card__link\"><\/a>\n\t\t<p class=\"card__excerpt\">Mais pas ordinaire !<\/p>\n\t\t<div class=\"card__title\">\n\t\t\t\t\t\t<span>Room<\/span>\n\t\t\t\t\t\t<p>Classique<\/p>\n\t\t<\/div>\n\t\t\t\t<img decoding=\"async\" width=\"1400\" height=\"707\" src=\"https:\/\/www.hotel-simplon-lyon.com\/wp-content\/uploads\/sites\/6\/2025\/05\/Hotel-Lyon-centre-ville_Perrache_Simplon-40-1-e1761136696623-1400x707.jpg\" class=\"card__image wp-post-image\" alt=\"Ho\u0302tel Lyon centre ville Perrache Simplon 40\" srcset=\"https:\/\/www.hotel-simplon-lyon.com\/wp-content\/uploads\/sites\/6\/2025\/05\/Hotel-Lyon-centre-ville_Perrache_Simplon-40-1-e1761136696623-1400x707.jpg 1400w, https:\/\/www.hotel-simplon-lyon.com\/wp-content\/uploads\/sites\/6\/2025\/05\/Hotel-Lyon-centre-ville_Perrache_Simplon-40-1-e1761136696623-600x303.jpg 600w, https:\/\/www.hotel-simplon-lyon.com\/wp-content\/uploads\/sites\/6\/2025\/05\/Hotel-Lyon-centre-ville_Perrache_Simplon-40-1-e1761136696623-768x388.jpg 768w, https:\/\/www.hotel-simplon-lyon.com\/wp-content\/uploads\/sites\/6\/2025\/05\/Hotel-Lyon-centre-ville_Perrache_Simplon-40-1-e1761136696623-1536x776.jpg 1536w, https:\/\/www.hotel-simplon-lyon.com\/wp-content\/uploads\/sites\/6\/2025\/05\/Hotel-Lyon-centre-ville_Perrache_Simplon-40-1-e1761136696623.jpg 1620w\" sizes=\"(max-width: 1400px) 100vw, 1400px\" \/>\t\t\t\n\t\t<\/div>\n\t\n\n\t\t\t<div\n\t\tclass=\"card wp-block-acf-card\" id=\"card-id--3\"\t\t>\n\t\n\t\t\t<a href=\"https:\/\/www.hotel-simplon-lyon.com\/chambres-hotel-3-etoiles\/superieure\/\" class=\"card__link\"><\/a>\n\t\t<p class=\"card__excerpt\">Comme<br \/>\r\n\u00e0 la maison !<\/p>\n\t\t<div class=\"card__title\">\n\t\t\t\t\t\t<span>Room<\/span>\n\t\t\t\t\t\t<p>Sup\u00e9rieure<\/p>\n\t\t<\/div>\n\t\t\t\t<img decoding=\"async\" width=\"1400\" height=\"933\" src=\"https:\/\/www.hotel-simplon-lyon.com\/wp-content\/uploads\/sites\/6\/2025\/05\/Hotel-Lyon-centre-ville_Perrache_Simplon-38-1-1400x933.jpg\" class=\"card__image wp-post-image\" alt=\"Ho\u0302tel Lyon centre ville Perrache Simplon 38\" srcset=\"https:\/\/www.hotel-simplon-lyon.com\/wp-content\/uploads\/sites\/6\/2025\/05\/Hotel-Lyon-centre-ville_Perrache_Simplon-38-1-1400x933.jpg 1400w, https:\/\/www.hotel-simplon-lyon.com\/wp-content\/uploads\/sites\/6\/2025\/05\/Hotel-Lyon-centre-ville_Perrache_Simplon-38-1-600x400.jpg 600w, https:\/\/www.hotel-simplon-lyon.com\/wp-content\/uploads\/sites\/6\/2025\/05\/Hotel-Lyon-centre-ville_Perrache_Simplon-38-1-768x512.jpg 768w, https:\/\/www.hotel-simplon-lyon.com\/wp-content\/uploads\/sites\/6\/2025\/05\/Hotel-Lyon-centre-ville_Perrache_Simplon-38-1-1536x1024.jpg 1536w, https:\/\/www.hotel-simplon-lyon.com\/wp-content\/uploads\/sites\/6\/2025\/05\/Hotel-Lyon-centre-ville_Perrache_Simplon-38-1.jpg 1620w\" sizes=\"(max-width: 1400px) 100vw, 1400px\" \/>\t\t\t\n\t\t<\/div>\n\t\n\n\t\t\t<div\n\t\tclass=\"card wp-block-acf-card\" id=\"card-id--4\"\t\t>\n\t\n\t\t\t<a href=\"https:\/\/www.hotel-simplon-lyon.com\/chambres-hotel-3-etoiles\/triple\/\" class=\"card__link\"><\/a>\n\t\t<p class=\"card__excerpt\">Petite tribu !<\/p>\n\t\t<div class=\"card__title\">\n\t\t\t\t\t\t<span>Room<\/span>\n\t\t\t\t\t\t<p>Triple<\/p>\n\t\t<\/div>\n\t\t\t\t<img decoding=\"async\" width=\"720\" height=\"1080\" src=\"https:\/\/www.hotel-simplon-lyon.com\/wp-content\/uploads\/sites\/6\/2025\/03\/hotel-famille-lyon-centre.jpg\" class=\"card__image wp-post-image\" alt=\"hotel famille lyon centre\" srcset=\"https:\/\/www.hotel-simplon-lyon.com\/wp-content\/uploads\/sites\/6\/2025\/03\/hotel-famille-lyon-centre.jpg 720w, https:\/\/www.hotel-simplon-lyon.com\/wp-content\/uploads\/sites\/6\/2025\/03\/hotel-famille-lyon-centre-400x600.jpg 400w\" sizes=\"(max-width: 720px) 100vw, 720px\" \/>\t\t\t\n\t\t<\/div>\n\t\n\n\t\t\t<div\n\t\tclass=\"card wp-block-acf-card\" id=\"card-id--5\"\t\t>\n\t\n\t\t\t<a href=\"https:\/\/www.hotel-simplon-lyon.com\/chambres-hotel-3-etoiles\/quadruple\/\" class=\"card__link\"><\/a>\n\t\t<p class=\"card__excerpt\">Tribu format<br \/>\r\nXXL !<\/p>\n\t\t<div class=\"card__title\">\n\t\t\t\t\t\t<span>Room<\/span>\n\t\t\t\t\t\t<p>Quadruple<\/p>\n\t\t<\/div>\n\t\t\t\t<img decoding=\"async\" width=\"720\" height=\"1080\" src=\"https:\/\/www.hotel-simplon-lyon.com\/wp-content\/uploads\/sites\/6\/2025\/05\/Hotel-Lyon-centre-ville_Perrache_Simplon-67-1.jpg\" class=\"card__image wp-post-image\" alt=\"Ho\u0302tel Lyon centre ville Perrache Simplon 67\" srcset=\"https:\/\/www.hotel-simplon-lyon.com\/wp-content\/uploads\/sites\/6\/2025\/05\/Hotel-Lyon-centre-ville_Perrache_Simplon-67-1.jpg 720w, https:\/\/www.hotel-simplon-lyon.com\/wp-content\/uploads\/sites\/6\/2025\/05\/Hotel-Lyon-centre-ville_Perrache_Simplon-67-1-400x600.jpg 400w\" sizes=\"(max-width: 720px) 100vw, 720px\" \/>\t\t\t\n\t\t<\/div>\n\t\n\n\t\t\t<div\n\t\tclass=\"card wp-block-acf-card\" id=\"card-id--6\"\t\t>\n\t\n\t\t\t<a href=\"https:\/\/www.hotel-simplon-lyon.com\/chambres-hotel-3-etoiles\/privilege\/\" class=\"card__link\"><\/a>\n\t\t<p class=\"card__excerpt\">Refuge de luxe !<\/p>\n\t\t<div class=\"card__title\">\n\t\t\t\t\t\t<span>Room<\/span>\n\t\t\t\t\t\t<p>Privil\u00e8ge<\/p>\n\t\t<\/div>\n\t\t\t\t<img decoding=\"async\" width=\"1400\" height=\"933\" src=\"https:\/\/www.hotel-simplon-lyon.com\/wp-content\/uploads\/sites\/6\/2025\/05\/hotel-de-charme-3-etoiles-lyon002-1400x933.jpg\" class=\"card__image wp-post-image\" alt=\"hotel de charme 3 e\u0301toiles lyon002\" srcset=\"https:\/\/www.hotel-simplon-lyon.com\/wp-content\/uploads\/sites\/6\/2025\/05\/hotel-de-charme-3-etoiles-lyon002-1400x933.jpg 1400w, https:\/\/www.hotel-simplon-lyon.com\/wp-content\/uploads\/sites\/6\/2025\/05\/hotel-de-charme-3-etoiles-lyon002-600x400.jpg 600w, https:\/\/www.hotel-simplon-lyon.com\/wp-content\/uploads\/sites\/6\/2025\/05\/hotel-de-charme-3-etoiles-lyon002-768x512.jpg 768w, https:\/\/www.hotel-simplon-lyon.com\/wp-content\/uploads\/sites\/6\/2025\/05\/hotel-de-charme-3-etoiles-lyon002-1536x1024.jpg 1536w, https:\/\/www.hotel-simplon-lyon.com\/wp-content\/uploads\/sites\/6\/2025\/05\/hotel-de-charme-3-etoiles-lyon002.jpg 1620w\" sizes=\"(max-width: 1400px) 100vw, 1400px\" \/>\t\t\t\n\t\t<\/div>\n\t\n<\/div>\n\n\t<\/div>\n\n\n\n<\/section>\n\n\t<section\n\t\tstyle=\"padding-top:var(--wp--preset--spacing--theme-default);padding-bottom:var(--wp--preset--spacing--theme-default);\" class=\"block-container align wp-block-acf-block-container has-background has-white-background-color has-global-padding is-layout-constrained wp-container-acf-block-container-is-layout-d3fafd11 wp-block-acf-block-container-is-layout-constrained\"\t>\n\n\t\n\n<div class=\"wp-block-group is-layout-flow wp-block-group-is-layout-flow\">\n<figure class=\"wp-block-image aligncenter size-full is-resized\"><img decoding=\"async\" width=\"350\" height=\"350\" src=\"https:\/\/www.hotel-simplon-lyon.com\/wp-content\/uploads\/sites\/6\/2025\/04\/PLATEAU.png\" alt=\"PLATEAU\" class=\"wp-image-2306\" style=\"width:200px\" srcset=\"https:\/\/www.hotel-simplon-lyon.com\/wp-content\/uploads\/sites\/6\/2025\/04\/PLATEAU.png 350w, https:\/\/www.hotel-simplon-lyon.com\/wp-content\/uploads\/sites\/6\/2025\/04\/PLATEAU-300x300.png 300w\" sizes=\"(max-width: 350px) 100vw, 350px\" \/><\/figure>\n\n\n\n<h2 class=\"wp-block-heading has-text-align-center\">3-star <mark class=\"has-inline-color has-secondary-color\">facilities<\/mark> <\/h2>\n\n\n\n<p class=\"has-text-align-center has-large-font-size\">Functional, well thought-out, for your comfort<\/p>\n\n\n\n<section id=\"\" class=\"align wp-block-acf-faq\">\n\t\n\t\t<div class=\"faq\">\n\t\t\t\t<div class=\"faq__item\">\n\t\t\t<div class=\"faq__question\" data-index=\"0\">\n\t\t\t\t<span class=\"faq__question-text faq__question-font-title\">In the bedroom<\/span>\n\t\t\t<\/div>\n\t\t\t<div class=\"faq__answer\">\n\t\t\t\t<ul>\n<li>WI-FI in room<\/li>\n<li>Individual air-conditioning\/heating<\/li>\n<li>Hair dryer<\/li>\n<li>Flat screen TV<\/li>\n<li>Private bathroom<\/li>\n<li>Office<\/li>\n<li>Storage<\/li>\n<\/ul>\n\t\t\t<\/div>\n\t\t\t<svg class=\"faq__toggle-icon\" xmlns=\"http:\/\/www.w3.org\/2000\/svg\" width=\"16\" height=\"10\" viewBox=\"0 0 16 10\"\n\t\t\t\tfill=\"none\">\n\t\t\t\t<path d=\"M15 1L8 8L1 0.999999\" stroke=\"#3C3B3A\" stroke-width=\"2\" \/>\n\t\t\t<\/svg>\n\t\t<\/div>\n\t\t\t\t<div class=\"faq__item\">\n\t\t\t<div class=\"faq__question\" data-index=\"1\">\n\t\t\t\t<span class=\"faq__question-text faq__question-font-title\">On request<\/span>\n\t\t\t<\/div>\n\t\t\t<div class=\"faq__answer\">\n\t\t\t\t<ul>\n<li>Hospitality products (free)<\/li>\n<li>Ironing kit (free)<\/li>\n<li>Adapters (free)<\/li>\n<li>Cot (\u20ac15\/day)<\/li>\n<li>Shoe polishing kit (free)<\/li>\n<\/ul>\n\t\t\t<\/div>\n\t\t\t<svg class=\"faq__toggle-icon\" xmlns=\"http:\/\/www.w3.org\/2000\/svg\" width=\"16\" height=\"10\" viewBox=\"0 0 16 10\"\n\t\t\t\tfill=\"none\">\n\t\t\t\t<path d=\"M15 1L8 8L1 0.999999\" stroke=\"#3C3B3A\" stroke-width=\"2\" \/>\n\t\t\t<\/svg>\n\t\t<\/div>\n\t\t\t<\/div>\n\t\t<\/section>\n\n\n\n<p class=\"has-text-align-center\">No useless minibars or superfluous gadgets here, just what you need to relax, sleep well and leave in good shape. Our rooms are non-smoking; any infringement will be punished by a \u20ac150 fine.<\/p>\n<\/div>\n\n\n\n<\/section>\n\n\t<section\n\t\tstyle=\"padding-top:var(--wp--preset--spacing--theme-default);padding-bottom:var(--wp--preset--spacing--theme-default);\" class=\"block-container align wp-block-acf-block-container has-background has-white-100-background-color has-global-padding is-layout-constrained wp-block-acf-block-container-is-layout-constrained\"\t>\n\n\t\n\n<div class=\"wp-block-group is-layout-flow wp-block-group-is-layout-flow\">\n<h3 class=\"wp-block-heading has-text-align-left\">For people with disabilities<\/h3>\n\n\n\n<p>Despite our best efforts, not all of our rooms are wheelchair accessible. However, we welcome people with reduced mobility in a room adapted for their comfort. Our staff is also trained to assist guests with visual or hearing impairments: let us know your needs, and we will do our utmost to ensure you enjoy a comfortable stay. We can provide you with a telephone and remote control with large buttons, and a luminous alarm clock.   <\/p>\n<\/div>\n\n\n\n<\/section>\n","protected":false},"excerpt":{"rendered":"","protected":false},"author":1,"featured_media":0,"parent":0,"menu_order":0,"comment_status":"closed","ping_status":"closed","template":"","meta":{"_acf_changed":false,"inline_featured_image":false,"footnotes":""},"class_list":["post-1825","page","type-page","status-publish","hentry"],"acf":[],"yoast_head":"<!-- This site is optimized with the Yoast SEO plugin v27.4 - https:\/\/yoast.com\/product\/yoast-seo-wordpress\/ -->\n<title>Rooms 3 star hotel Lyon Perrache - Best price<\/title>\n<meta name=\"description\" content=\"H\u00f4tel du Simplon - Our 3-star rooms in Lyon Perrache offer comfort and guaranteed best prices direct to you.\" \/>\n<meta name=\"robots\" content=\"index, follow, max-snippet:-1, max-image-preview:large, max-video-preview:-1\" \/>\n<link rel=\"canonical\" href=\"https:\/\/www.hotel-simplon-lyon.com\/en\/3-star-hotel-rooms\/\" \/>\n<meta property=\"og:locale\" content=\"en_US\" \/>\n<meta property=\"og:type\" content=\"article\" \/>\n<meta property=\"og:title\" content=\"Rooms 3 star hotel Lyon Perrache - Best price\" \/>\n<meta property=\"og:description\" content=\"H\u00f4tel du Simplon - Our 3-star rooms in Lyon Perrache offer comfort and guaranteed best prices direct to you.\" \/>\n<meta property=\"og:url\" content=\"https:\/\/www.hotel-simplon-lyon.com\/en\/3-star-hotel-rooms\/\" \/>\n<meta property=\"og:site_name\" content=\"Le Simplon\" \/>\n<meta property=\"article:modified_time\" content=\"2025-07-25T12:50:21+00:00\" \/>\n<meta property=\"og:image\" content=\"https:\/\/www.hotel-simplon-lyon.com\/wp-content\/uploads\/sites\/6\/2025\/04\/PLATEAU.png\" \/>\n<meta name=\"twitter:card\" content=\"summary_large_image\" \/>\n<meta name=\"twitter:label1\" content=\"Est. reading time\" \/>\n\t<meta name=\"twitter:data1\" content=\"2 minutes\" \/>\n<script type=\"application\/ld+json\" class=\"yoast-schema-graph\">{\"@context\":\"https:\\\/\\\/schema.org\",\"@graph\":[{\"@type\":\"WebPage\",\"@id\":\"https:\\\/\\\/www.hotel-simplon-lyon.com\\\/en\\\/3-star-hotel-rooms\\\/\",\"url\":\"https:\\\/\\\/www.hotel-simplon-lyon.com\\\/en\\\/3-star-hotel-rooms\\\/\",\"name\":\"Rooms 3 star hotel Lyon Perrache - Best price\",\"isPartOf\":{\"@id\":\"https:\\\/\\\/www.hotel-simplon-lyon.com\\\/en\\\/#website\"},\"primaryImageOfPage\":{\"@id\":\"https:\\\/\\\/www.hotel-simplon-lyon.com\\\/en\\\/3-star-hotel-rooms\\\/#primaryimage\"},\"image\":{\"@id\":\"https:\\\/\\\/www.hotel-simplon-lyon.com\\\/en\\\/3-star-hotel-rooms\\\/#primaryimage\"},\"thumbnailUrl\":\"https:\\\/\\\/www.hotel-simplon-lyon.com\\\/wp-content\\\/uploads\\\/sites\\\/6\\\/2025\\\/04\\\/PLATEAU.png\",\"datePublished\":\"2025-04-16T15:40:07+00:00\",\"dateModified\":\"2025-07-25T12:50:21+00:00\",\"description\":\"H\u00f4tel du Simplon - Our 3-star rooms in Lyon Perrache offer comfort and guaranteed best prices direct to you.\",\"breadcrumb\":{\"@id\":\"https:\\\/\\\/www.hotel-simplon-lyon.com\\\/en\\\/3-star-hotel-rooms\\\/#breadcrumb\"},\"inLanguage\":\"en-US\",\"potentialAction\":[{\"@type\":\"ReadAction\",\"target\":[\"https:\\\/\\\/www.hotel-simplon-lyon.com\\\/en\\\/3-star-hotel-rooms\\\/\"]}]},{\"@type\":\"ImageObject\",\"inLanguage\":\"en-US\",\"@id\":\"https:\\\/\\\/www.hotel-simplon-lyon.com\\\/en\\\/3-star-hotel-rooms\\\/#primaryimage\",\"url\":\"https:\\\/\\\/www.hotel-simplon-lyon.com\\\/wp-content\\\/uploads\\\/sites\\\/6\\\/2025\\\/04\\\/PLATEAU.png\",\"contentUrl\":\"https:\\\/\\\/www.hotel-simplon-lyon.com\\\/wp-content\\\/uploads\\\/sites\\\/6\\\/2025\\\/04\\\/PLATEAU.png\"},{\"@type\":\"BreadcrumbList\",\"@id\":\"https:\\\/\\\/www.hotel-simplon-lyon.com\\\/en\\\/3-star-hotel-rooms\\\/#breadcrumb\",\"itemListElement\":[{\"@type\":\"ListItem\",\"position\":1,\"name\":\"Home\",\"item\":\"https:\\\/\\\/www.hotel-simplon-lyon.com\\\/en\\\/home\\\/\"},{\"@type\":\"ListItem\",\"position\":2,\"name\":\"The rooms\"}]},{\"@type\":\"WebSite\",\"@id\":\"https:\\\/\\\/www.hotel-simplon-lyon.com\\\/en\\\/#website\",\"url\":\"https:\\\/\\\/www.hotel-simplon-lyon.com\\\/en\\\/\",\"name\":\"Globe Cecil\",\"description\":\"H\u00f4tel 4 \u00e9toiles \u00e0 Lyon\",\"publisher\":{\"@id\":\"https:\\\/\\\/www.hotel-simplon-lyon.com\\\/en\\\/#organization\"},\"potentialAction\":[{\"@type\":\"SearchAction\",\"target\":{\"@type\":\"EntryPoint\",\"urlTemplate\":\"https:\\\/\\\/www.hotel-simplon-lyon.com\\\/en\\\/?s={search_term_string}\"},\"query-input\":{\"@type\":\"PropertyValueSpecification\",\"valueRequired\":true,\"valueName\":\"search_term_string\"}}],\"inLanguage\":\"en-US\"},{\"@type\":\"Organization\",\"@id\":\"https:\\\/\\\/www.hotel-simplon-lyon.com\\\/en\\\/#organization\",\"name\":\"Globe Cecil\",\"url\":\"https:\\\/\\\/www.hotel-simplon-lyon.com\\\/en\\\/\",\"logo\":{\"@type\":\"ImageObject\",\"inLanguage\":\"en-US\",\"@id\":\"https:\\\/\\\/www.hotel-simplon-lyon.com\\\/en\\\/#\\\/schema\\\/logo\\\/image\\\/\",\"url\":\"https:\\\/\\\/www.hotel-simplon-lyon.com\\\/wp-content\\\/uploads\\\/sites\\\/6\\\/2025\\\/05\\\/LOGO-Simplon-White.svg\",\"contentUrl\":\"https:\\\/\\\/www.hotel-simplon-lyon.com\\\/wp-content\\\/uploads\\\/sites\\\/6\\\/2025\\\/05\\\/LOGO-Simplon-White.svg\",\"width\":409,\"height\":52,\"caption\":\"Globe Cecil\"},\"image\":{\"@id\":\"https:\\\/\\\/www.hotel-simplon-lyon.com\\\/en\\\/#\\\/schema\\\/logo\\\/image\\\/\"}}]}<\/script>\n<!-- \/ Yoast SEO plugin. -->","yoast_head_json":{"title":"Rooms 3 star hotel Lyon Perrache - Best price","description":"H\u00f4tel du Simplon - Our 3-star rooms in Lyon Perrache offer comfort and guaranteed best prices direct to you.","robots":{"index":"index","follow":"follow","max-snippet":"max-snippet:-1","max-image-preview":"max-image-preview:large","max-video-preview":"max-video-preview:-1"},"canonical":"https:\/\/www.hotel-simplon-lyon.com\/en\/3-star-hotel-rooms\/","og_locale":"en_US","og_type":"article","og_title":"Rooms 3 star hotel Lyon Perrache - Best price","og_description":"H\u00f4tel du Simplon - Our 3-star rooms in Lyon Perrache offer comfort and guaranteed best prices direct to you.","og_url":"https:\/\/www.hotel-simplon-lyon.com\/en\/3-star-hotel-rooms\/","og_site_name":"Le Simplon","article_modified_time":"2025-07-25T12:50:21+00:00","og_image":[{"url":"https:\/\/www.hotel-simplon-lyon.com\/wp-content\/uploads\/sites\/6\/2025\/04\/PLATEAU.png","type":"","width":"","height":""}],"twitter_card":"summary_large_image","twitter_misc":{"Est. reading time":"2 minutes"},"schema":{"@context":"https:\/\/schema.org","@graph":[{"@type":"WebPage","@id":"https:\/\/www.hotel-simplon-lyon.com\/en\/3-star-hotel-rooms\/","url":"https:\/\/www.hotel-simplon-lyon.com\/en\/3-star-hotel-rooms\/","name":"Rooms 3 star hotel Lyon Perrache - Best price","isPartOf":{"@id":"https:\/\/www.hotel-simplon-lyon.com\/en\/#website"},"primaryImageOfPage":{"@id":"https:\/\/www.hotel-simplon-lyon.com\/en\/3-star-hotel-rooms\/#primaryimage"},"image":{"@id":"https:\/\/www.hotel-simplon-lyon.com\/en\/3-star-hotel-rooms\/#primaryimage"},"thumbnailUrl":"https:\/\/www.hotel-simplon-lyon.com\/wp-content\/uploads\/sites\/6\/2025\/04\/PLATEAU.png","datePublished":"2025-04-16T15:40:07+00:00","dateModified":"2025-07-25T12:50:21+00:00","description":"H\u00f4tel du Simplon - Our 3-star rooms in Lyon Perrache offer comfort and guaranteed best prices direct to you.","breadcrumb":{"@id":"https:\/\/www.hotel-simplon-lyon.com\/en\/3-star-hotel-rooms\/#breadcrumb"},"inLanguage":"en-US","potentialAction":[{"@type":"ReadAction","target":["https:\/\/www.hotel-simplon-lyon.com\/en\/3-star-hotel-rooms\/"]}]},{"@type":"ImageObject","inLanguage":"en-US","@id":"https:\/\/www.hotel-simplon-lyon.com\/en\/3-star-hotel-rooms\/#primaryimage","url":"https:\/\/www.hotel-simplon-lyon.com\/wp-content\/uploads\/sites\/6\/2025\/04\/PLATEAU.png","contentUrl":"https:\/\/www.hotel-simplon-lyon.com\/wp-content\/uploads\/sites\/6\/2025\/04\/PLATEAU.png"},{"@type":"BreadcrumbList","@id":"https:\/\/www.hotel-simplon-lyon.com\/en\/3-star-hotel-rooms\/#breadcrumb","itemListElement":[{"@type":"ListItem","position":1,"name":"Home","item":"https:\/\/www.hotel-simplon-lyon.com\/en\/home\/"},{"@type":"ListItem","position":2,"name":"The rooms"}]},{"@type":"WebSite","@id":"https:\/\/www.hotel-simplon-lyon.com\/en\/#website","url":"https:\/\/www.hotel-simplon-lyon.com\/en\/","name":"Globe Cecil","description":"H\u00f4tel 4 \u00e9toiles \u00e0 Lyon","publisher":{"@id":"https:\/\/www.hotel-simplon-lyon.com\/en\/#organization"},"potentialAction":[{"@type":"SearchAction","target":{"@type":"EntryPoint","urlTemplate":"https:\/\/www.hotel-simplon-lyon.com\/en\/?s={search_term_string}"},"query-input":{"@type":"PropertyValueSpecification","valueRequired":true,"valueName":"search_term_string"}}],"inLanguage":"en-US"},{"@type":"Organization","@id":"https:\/\/www.hotel-simplon-lyon.com\/en\/#organization","name":"Globe Cecil","url":"https:\/\/www.hotel-simplon-lyon.com\/en\/","logo":{"@type":"ImageObject","inLanguage":"en-US","@id":"https:\/\/www.hotel-simplon-lyon.com\/en\/#\/schema\/logo\/image\/","url":"https:\/\/www.hotel-simplon-lyon.com\/wp-content\/uploads\/sites\/6\/2025\/05\/LOGO-Simplon-White.svg","contentUrl":"https:\/\/www.hotel-simplon-lyon.com\/wp-content\/uploads\/sites\/6\/2025\/05\/LOGO-Simplon-White.svg","width":409,"height":52,"caption":"Globe Cecil"},"image":{"@id":"https:\/\/www.hotel-simplon-lyon.com\/en\/#\/schema\/logo\/image\/"}}]}},"_links":{"self":[{"href":"https:\/\/www.hotel-simplon-lyon.com\/en\/wp-json\/wp\/v2\/pages\/1825","targetHints":{"allow":["GET"]}}],"collection":[{"href":"https:\/\/www.hotel-simplon-lyon.com\/en\/wp-json\/wp\/v2\/pages"}],"about":[{"href":"https:\/\/www.hotel-simplon-lyon.com\/en\/wp-json\/wp\/v2\/types\/page"}],"author":[{"embeddable":true,"href":"https:\/\/www.hotel-simplon-lyon.com\/en\/wp-json\/wp\/v2\/users\/1"}],"replies":[{"embeddable":true,"href":"https:\/\/www.hotel-simplon-lyon.com\/en\/wp-json\/wp\/v2\/comments?post=1825"}],"version-history":[{"count":19,"href":"https:\/\/www.hotel-simplon-lyon.com\/en\/wp-json\/wp\/v2\/pages\/1825\/revisions"}],"predecessor-version":[{"id":7592,"href":"https:\/\/www.hotel-simplon-lyon.com\/en\/wp-json\/wp\/v2\/pages\/1825\/revisions\/7592"}],"wp:attachment":[{"href":"https:\/\/www.hotel-simplon-lyon.com\/en\/wp-json\/wp\/v2\/media?parent=1825"}],"curies":[{"name":"wp","href":"https:\/\/api.w.org\/{rel}","templated":true}]}}