{"id":1801,"date":"2025-04-16T17:40:05","date_gmt":"2025-04-16T15:40:05","guid":{"rendered":"https:\/\/www.hotel-simplon-lyon.com\/conditions-generales-de-location\/"},"modified":"2025-09-30T13:39:46","modified_gmt":"2025-09-30T11:39:46","slug":"general-terms-and-conditions-of-hire-in","status":"publish","type":"page","link":"https:\/\/www.hotel-simplon-lyon.com\/en\/general-terms-and-conditions-of-hire-in\/","title":{"rendered":"Terms and conditions of sale"},"content":{"rendered":"\n<section class=\"heading wp-elements-45e0acfc2ff0b3be082941e067ccad3a wp-elements-45e0acfc2ff0b3be082941e067ccad3a wp-block-acf-heading has-text-color has-primary-color has-background has-white-100-background-color\">\n\t<div class=\"heading__container\">\n\t\t\t\t\t<div class=\"heading__background-picture\">\n\t\t\t\t<img decoding=\"async\" width=\"1620\" height=\"1080\" src=\"https:\/\/www.hotel-simplon-lyon.com\/wp-content\/uploads\/sites\/6\/2025\/03\/Hotel-Simplon-Lyon-Perrache_230828_022.jpg\" class=\"attachment-full size-full\" alt=\"Hotel Simplon Lyon Perrache 230828 022\" fetchpriority=\"high\" srcset=\"https:\/\/www.hotel-simplon-lyon.com\/wp-content\/uploads\/sites\/6\/2025\/03\/Hotel-Simplon-Lyon-Perrache_230828_022.jpg 1620w, https:\/\/www.hotel-simplon-lyon.com\/wp-content\/uploads\/sites\/6\/2025\/03\/Hotel-Simplon-Lyon-Perrache_230828_022-600x400.jpg 600w, https:\/\/www.hotel-simplon-lyon.com\/wp-content\/uploads\/sites\/6\/2025\/03\/Hotel-Simplon-Lyon-Perrache_230828_022-1400x933.jpg 1400w, https:\/\/www.hotel-simplon-lyon.com\/wp-content\/uploads\/sites\/6\/2025\/03\/Hotel-Simplon-Lyon-Perrache_230828_022-768x512.jpg 768w, https:\/\/www.hotel-simplon-lyon.com\/wp-content\/uploads\/sites\/6\/2025\/03\/Hotel-Simplon-Lyon-Perrache_230828_022-1536x1024.jpg 1536w\" sizes=\"(max-width: 1620px) 100vw, 1620px\" \/>\t\t\t<\/div>\n\t\t\t\t<div class=\"heading__layout\">\n\t\t\t<div class=\"heading__content-wrapper has-white-100-background-color\">\n\t\t\t\t<div class=\"heading__content has-white-100-background-color\">\n\t\t\t\t\t\t\t\t\t<p id=\"breadcrumbs\"><span><span><a href=\"https:\/\/www.hotel-simplon-lyon.com\/en\/home\/\">Home<\/a><\/span><\/span><\/p>\t\t\t\t\t\t\t\t\t<div class=\"acf-innerblocks-container\">\n\n<div class=\"wp-block-group heading-content-group is-layout-grid wp-container-core-group-is-layout-96b258e4 wp-block-group-is-layout-grid\">\n<h1 class=\"wp-block-heading has-text-align-left heading__title has-primary-color has-text-color has-xx-large-font-size wp-container-content-32a3e683\">Terms and conditions of sale<\/h1>\n<\/div>\n\n<\/div>\n\t\t\t\t<\/div>\n\t\t\t\t\t\t\t\t<div class=\"heading__illustration illustration-with-parallax desktop-only\">\n\t\t\t\t\t<img decoding=\"async\" width=\"350\" height=\"350\" src=\"https:\/\/www.hotel-simplon-lyon.com\/wp-content\/uploads\/sites\/6\/2025\/04\/ENCRIER.png\" class=\"attachment-full size-full\" alt=\"ENCRIER\" fetchpriority=\"high\" srcset=\"https:\/\/www.hotel-simplon-lyon.com\/wp-content\/uploads\/sites\/6\/2025\/04\/ENCRIER.png 350w, https:\/\/www.hotel-simplon-lyon.com\/wp-content\/uploads\/sites\/6\/2025\/04\/ENCRIER-300x300.png 300w\" sizes=\"(max-width: 350px) 100vw, 350px\" \/>\t\t\t\t<\/div>\n\t\t\t\t\t\t\t<\/div>\n\t\t<\/div>\n\t<\/div>\n<\/section>\n\n\n\t<section\n\t\tstyle=\"padding-top:var(--wp--preset--spacing--theme-default);padding-bottom:var(--wp--preset--spacing--theme-default);\" class=\"block-container align wp-block-acf-block-container has-background has-white-background-color is-layout-flow wp-block-acf-block-container-is-layout-flow\"\t>\n\n\t\n\n<div class=\"wp-block-group has-global-padding is-layout-constrained wp-block-group-is-layout-constrained\">\n<p>These general terms and conditions of sale (hereinafter referred to as &#8221; <strong>\n  <em>General Conditions<\/em>\n<\/strong> &#8220;or &#8221; <strong>\n  <em>the Contract<\/em>\n<\/strong> ) are offered by <a>SAS <\/a>SOCI\u00c9T\u00c9 H\u00d4TELI\u00c8RE LYONNAISE, registered in the LYON Trade and Companies Register under number 954501359, whose head office is located at 11 rue Duhamel, 69002 LYON (hereinafter referred to as &#8220;the Establishment&#8221;). <strong>\n  <em>the Establishment<\/em>\n<\/strong> &#8220;).<\/p>\n\n\n\n<p>ARTICLE 1: SCOPE OF APPLICATION<\/p>\n\n\n\n<p>These Terms and Conditions apply to all purchases of Hotel Reservation services and related services (&#8220;the Services&#8221;). <strong>\n  <em>the Services<\/em>\n<\/strong> &#8220;) offered by the Establishment to consumers (hereinafter indifferently &#8221; <strong>\n  <em>the Customer<\/em>\n<\/strong> &#8220;or <strong>\n  <em>&#8220;the Consumer <\/em>\n<\/strong>&#8220;) via the Establishment&#8217;s website (&#8221; <strong>\n  <em>the Site<\/em>\n<\/strong> &#8220;).<\/p>\n\n\n\n<p>The main characteristics of the Services are presented on the Site. It is the Customer&#8217;s responsibility to read them before making a Reservation. <\/p>\n\n\n\n<p>These Terms and Conditions govern only the sale of Services to consumers.<\/p>\n\n\n\n<p>By accepting these General Terms and Conditions, the Customer acknowledges that he\/she is a Consumer, i.e. a natural person acting for purposes that do not fall within the scope of his\/her commercial, industrial, artisanal, liberal or agricultural activity.<\/p>\n\n\n\n<p>These Terms and Conditions are accessible and printable at any time via a hypertext link available at the bottom of each page of the Site.<\/p>\n\n\n\n<p>These General Terms and Conditions govern all the steps necessary for the Reservation and the follow-up of the Reservation between the contracting parties.<\/p>\n\n\n\n<p>ARTICLE 2: ACCEPTANCE OF THE GENERAL TERMS AND CONDITIONS OF SALE<\/p>\n\n\n\n<p>To finalize the Reservation (&#8221; <strong>\n  <em>the Reservation<\/em>\n<\/strong> &#8220;) and enter into this Contract, the Customer must have read and accepted these Terms and Conditions prior to the conclusion of the sale, i.e. the finalization of the Reservation on the Site.<\/p>\n\n\n\n<p>In accordance with the provisions of article L.221-28, 12\u00b0 of the French Consumer Code, the consumer unreservedly waives the right to exercise his or her right of withdrawal in respect of any order for the provision of accommodation services from the &#8220;Les Aubergistes Lyonnais&#8221; group or its partner hotels, where such services are provided for a specific date or period.<\/p>\n\n\n\n<p>ARTICLE 3: PRICES, PAYMENT<\/p>\n\n\n\n<p><strong><u>Article 3.1 Prices<\/u><\/strong><strong><u><\/u><\/strong><\/p>\n\n\n\n<p>PRICE<\/p>\n\n\n\n<p>All prices are indicated in Euros (\u20ac), all taxes included. The prices shown include the VAT applicable on the day of the order. Prices do not include tourist tax, which can be paid directly to the establishment.  <\/p>\n\n\n\n<p>These prices are valid during the validity period indicated. Prices are indicated before and at the time of the Reservation made by the Customer. <\/p>\n\n\n\n<p>The prices issued are determined by a practice of fine-tuned price management. They may therefore depend on several parameters, such as (non-exhaustive list): the reservation date, the date of stay, the time between these two dates, and so on. <\/p>\n\n\n\n<p>Prices are per room for the number of people and dates selected by the Customer.<\/p>\n\n\n\n<p>In any event, any additional services booked and provided by the establishment to the customer during his stay must be paid for by the customer at the latest when returning the room, unless the service has been paid for in advance.<\/p>\n\n\n\n<p>PRICE CHANGES<\/p>\n\n\n\n<p>The prices of the Services will be those displayed on the Site at the time of validation of the Reservation by the Customer and for the dates selected by the Customer.<\/p>\n\n\n\n<p>The prices displayed on the Site may change, but these changes will not affect any order confirmed by the Establishment in the order confirmation.<\/p>\n\n\n\n<p><strong><u>Article 3.2 Means of payment<\/u><\/strong><\/p>\n\n\n\n<p>The Customer may pay for the Services by card (Mastercard, Visa, American Express), and by other means that may be applicable in his country (cash: EUROS).<\/p>\n\n\n\n<p>ARTICLE 4: RIGHT OF WITHDRAWAL<\/p>\n\n\n\n<p>In accordance with article L.221-28 12\u00b0 of the French Consumer Code, the Customer does not have the right of withdrawal as provided for in article L.221-18 of the French Consumer Code, if the Services are provided for a specific date or period.<\/p>\n\n\n\n<p>The contract is therefore definitively concluded as soon as the Customer requests a Reservation in accordance with the terms and conditions specified in these General Terms and Conditions.<\/p>\n\n\n\n<p>ARTICLE 5: COMMUNICATIONS AND COMPLAINTS<\/p>\n\n\n\n<p>Any communications or notifications provided for under these General Terms and Conditions must be made by the Customer in writing to the following e-mail address :  <\/p>\n\n\n\n<p>CONTACT<strong><u><\/u><\/strong><\/p>\n\n\n\n<p>SAS SOCI\u00c9T\u00c9 H\u00d4TELI\u00c8RE LYONNAISE<\/p>\n\n\n\n<p>11 rue Duhamel, 69002 LYON<\/p>\n\n\n\n<p>reception@hotel-simplon.fr<\/p>\n\n\n\n<p>+33(0)4 78 37 41 00<\/p>\n\n\n\n<p>ARTICLE 6: COLD CALLING<\/p>\n\n\n\n<p>Pursuant to Article L.223-2 of the French Consumer Code, the Establishment reminds the Customer that he\/she may register on the BLOCTEL telephone anti-solicitation list free of charge via the following link: https: <a href=\"https:\/\/www.bloctel.gouv.fr\/\">\/\/www.bloctel.gouv.fr\/.<\/a><\/p>\n\n\n\n<p>ARTICLE 7: INTELLECTUAL PROPERTY RIGHTS<\/p>\n\n\n\n<p>All elements on the website, in particular texts, images, photographs, graphics, logos, trademarks, videos, sounds, software, source codes, databases, as well as the general structure of the site, are the exclusive property of Hotel Globe&amp;Cecil or its contractual partners, unless explicitly stated otherwise, and are protected under the French Intellectual Property Code.<\/p>\n\n\n\n<p>The website has been designed on the basis of the WordPress CMS, a free software distributed under the GPL license. However, content created specifically for this site remains subject to copyright, with the exception of elements indicated as being covered by a different license. <\/p>\n\n\n\n<p>Without prior written authorization, any reproduction, representation, modification, adaptation, publication or exploitation, in whole or in part, of all or part of the site or its content, on any medium whatsoever and by any process whatsoever, for purposes other than strictly personal and non-commercial, is strictly prohibited and constitutes an infringement punishable by articles L.335-2 et seq. of the French Intellectual Property Code. This is considered a criminal offence and may result in up to three years&#8217; imprisonment and a \u20ac300,000 fine. <\/p>\n\n\n\n<p>Any databases present on the site are protected by the provisions of the law of July 1, 1998, transposing the European directive of March 11, 1996. As such, any substantial and repeated extraction or reuse of the content of these databases is prohibited. <\/p>\n\n\n\n<p>The Customer does not benefit from any transfer of intellectual property rights under these General Terms and Conditions. The know-how, technical developments, models, studies, prototypes and services supplied remain the exclusive property of the Vendor and may only be used within the strict framework of the contract binding the parties. <\/p>\n\n\n\n<p>Any unauthorized use of the site or any of its elements is likely to engage the responsibility of its author.<\/p>\n\n\n\n<p>ARTICLE 8: APPLICABLE LAW AND JURISDICTION<strong><u><\/u><\/strong><\/p>\n\n\n\n<p>Without prejudice to the mandatory legal rules of your place of residence, these General Terms and Conditions are governed by French law.<\/p>\n\n\n\n<p>In the event of a dispute relating to the interpretation or execution of these General Terms and Conditions, the Customer is invited to contact the Etablissement&#8217;s customer service department as a matter of priority in order to find an amicable solution.  <\/p>\n\n\n\n<p>In accordance with the provisions of the French Consumer Code concerning the amicable settlement of disputes, the Customer may, before taking any legal action, have recourse free of charge to the mediation service for disputes relating to consumer rights. The competent mediator is La M\u00e9diation du Tourisme et du Voyage (MTV), which the Customer may contact as follows: <\/p>\n\n\n\n<ul class=\"wp-block-list\">\n<li>Postal address: CS 30958 &#8211; 75383 PARIS CEDEX 08  <\/li>\n\n\n\n<li>Telephone number: 01 42 67 96 68<\/li>\n\n\n\n<li>Mail: <a href=\"mailto:info@mtv.travel\">info@mtv.travel<\/a><\/li>\n\n\n\n<li>Website for online procedures: https: <a href=\"https:\/\/www.mtv.travel\/saisir-le-mediateur\/\">\/\/www.mtv.travel\/saisir-le-mediateur\/<\/a><\/li>\n<\/ul>\n\n\n\n<p><\/p>\n<\/div>\n\n\n\n<\/section>\n","protected":false},"excerpt":{"rendered":"","protected":false},"author":2,"featured_media":0,"parent":0,"menu_order":0,"comment_status":"closed","ping_status":"closed","template":"","meta":{"_acf_changed":false,"inline_featured_image":false,"footnotes":""},"class_list":["post-1801","page","type-page","status-publish","hentry"],"acf":[],"yoast_head":"<!-- This site is optimized with the Yoast SEO plugin v27.4 - https:\/\/yoast.com\/product\/yoast-seo-wordpress\/ -->\n<title>Terms and conditions of sale - Le Simplon<\/title>\n<meta name=\"robots\" content=\"noindex, follow\" \/>\n<meta property=\"og:locale\" content=\"en_US\" \/>\n<meta property=\"og:type\" content=\"article\" \/>\n<meta property=\"og:title\" content=\"Terms and conditions of sale - Le Simplon\" \/>\n<meta property=\"og:url\" content=\"https:\/\/www.hotel-simplon-lyon.com\/en\/general-terms-and-conditions-of-hire-in\/\" \/>\n<meta property=\"og:site_name\" content=\"Le Simplon\" \/>\n<meta property=\"article:modified_time\" content=\"2025-09-30T11:39:46+00:00\" \/>\n<meta name=\"twitter:card\" content=\"summary_large_image\" \/>\n<meta name=\"twitter:label1\" content=\"Est. reading time\" \/>\n\t<meta name=\"twitter:data1\" content=\"6 minutes\" \/>\n<script type=\"application\/ld+json\" class=\"yoast-schema-graph\">{\"@context\":\"https:\\\/\\\/schema.org\",\"@graph\":[{\"@type\":\"WebPage\",\"@id\":\"https:\\\/\\\/www.hotel-simplon-lyon.com\\\/en\\\/general-terms-and-conditions-of-hire-in\\\/\",\"url\":\"https:\\\/\\\/www.hotel-simplon-lyon.com\\\/en\\\/general-terms-and-conditions-of-hire-in\\\/\",\"name\":\"Terms and conditions of sale - Le Simplon\",\"isPartOf\":{\"@id\":\"https:\\\/\\\/www.hotel-simplon-lyon.com\\\/en\\\/#website\"},\"datePublished\":\"2025-04-16T15:40:05+00:00\",\"dateModified\":\"2025-09-30T11:39:46+00:00\",\"breadcrumb\":{\"@id\":\"https:\\\/\\\/www.hotel-simplon-lyon.com\\\/en\\\/general-terms-and-conditions-of-hire-in\\\/#breadcrumb\"},\"inLanguage\":\"en-US\",\"potentialAction\":[{\"@type\":\"ReadAction\",\"target\":[\"https:\\\/\\\/www.hotel-simplon-lyon.com\\\/en\\\/general-terms-and-conditions-of-hire-in\\\/\"]}]},{\"@type\":\"BreadcrumbList\",\"@id\":\"https:\\\/\\\/www.hotel-simplon-lyon.com\\\/en\\\/general-terms-and-conditions-of-hire-in\\\/#breadcrumb\",\"itemListElement\":[{\"@type\":\"ListItem\",\"position\":1,\"name\":\"Home\",\"item\":\"https:\\\/\\\/www.hotel-simplon-lyon.com\\\/en\\\/home\\\/\"},{\"@type\":\"ListItem\",\"position\":2,\"name\":\"Terms and conditions of sale\"}]},{\"@type\":\"WebSite\",\"@id\":\"https:\\\/\\\/www.hotel-simplon-lyon.com\\\/en\\\/#website\",\"url\":\"https:\\\/\\\/www.hotel-simplon-lyon.com\\\/en\\\/\",\"name\":\"Globe Cecil\",\"description\":\"H\u00f4tel 4 \u00e9toiles \u00e0 Lyon\",\"publisher\":{\"@id\":\"https:\\\/\\\/www.hotel-simplon-lyon.com\\\/en\\\/#organization\"},\"potentialAction\":[{\"@type\":\"SearchAction\",\"target\":{\"@type\":\"EntryPoint\",\"urlTemplate\":\"https:\\\/\\\/www.hotel-simplon-lyon.com\\\/en\\\/?s={search_term_string}\"},\"query-input\":{\"@type\":\"PropertyValueSpecification\",\"valueRequired\":true,\"valueName\":\"search_term_string\"}}],\"inLanguage\":\"en-US\"},{\"@type\":\"Organization\",\"@id\":\"https:\\\/\\\/www.hotel-simplon-lyon.com\\\/en\\\/#organization\",\"name\":\"Globe Cecil\",\"url\":\"https:\\\/\\\/www.hotel-simplon-lyon.com\\\/en\\\/\",\"logo\":{\"@type\":\"ImageObject\",\"inLanguage\":\"en-US\",\"@id\":\"https:\\\/\\\/www.hotel-simplon-lyon.com\\\/en\\\/#\\\/schema\\\/logo\\\/image\\\/\",\"url\":\"https:\\\/\\\/www.hotel-simplon-lyon.com\\\/wp-content\\\/uploads\\\/sites\\\/6\\\/2025\\\/05\\\/LOGO-Simplon-White.svg\",\"contentUrl\":\"https:\\\/\\\/www.hotel-simplon-lyon.com\\\/wp-content\\\/uploads\\\/sites\\\/6\\\/2025\\\/05\\\/LOGO-Simplon-White.svg\",\"width\":409,\"height\":52,\"caption\":\"Globe Cecil\"},\"image\":{\"@id\":\"https:\\\/\\\/www.hotel-simplon-lyon.com\\\/en\\\/#\\\/schema\\\/logo\\\/image\\\/\"}}]}<\/script>\n<!-- \/ Yoast SEO plugin. -->","yoast_head_json":{"title":"Terms and conditions of sale - Le Simplon","robots":{"index":"noindex","follow":"follow"},"og_locale":"en_US","og_type":"article","og_title":"Terms and conditions of sale - Le Simplon","og_url":"https:\/\/www.hotel-simplon-lyon.com\/en\/general-terms-and-conditions-of-hire-in\/","og_site_name":"Le Simplon","article_modified_time":"2025-09-30T11:39:46+00:00","twitter_card":"summary_large_image","twitter_misc":{"Est. reading time":"6 minutes"},"schema":{"@context":"https:\/\/schema.org","@graph":[{"@type":"WebPage","@id":"https:\/\/www.hotel-simplon-lyon.com\/en\/general-terms-and-conditions-of-hire-in\/","url":"https:\/\/www.hotel-simplon-lyon.com\/en\/general-terms-and-conditions-of-hire-in\/","name":"Terms and conditions of sale - Le Simplon","isPartOf":{"@id":"https:\/\/www.hotel-simplon-lyon.com\/en\/#website"},"datePublished":"2025-04-16T15:40:05+00:00","dateModified":"2025-09-30T11:39:46+00:00","breadcrumb":{"@id":"https:\/\/www.hotel-simplon-lyon.com\/en\/general-terms-and-conditions-of-hire-in\/#breadcrumb"},"inLanguage":"en-US","potentialAction":[{"@type":"ReadAction","target":["https:\/\/www.hotel-simplon-lyon.com\/en\/general-terms-and-conditions-of-hire-in\/"]}]},{"@type":"BreadcrumbList","@id":"https:\/\/www.hotel-simplon-lyon.com\/en\/general-terms-and-conditions-of-hire-in\/#breadcrumb","itemListElement":[{"@type":"ListItem","position":1,"name":"Home","item":"https:\/\/www.hotel-simplon-lyon.com\/en\/home\/"},{"@type":"ListItem","position":2,"name":"Terms and conditions of sale"}]},{"@type":"WebSite","@id":"https:\/\/www.hotel-simplon-lyon.com\/en\/#website","url":"https:\/\/www.hotel-simplon-lyon.com\/en\/","name":"Globe Cecil","description":"H\u00f4tel 4 \u00e9toiles \u00e0 Lyon","publisher":{"@id":"https:\/\/www.hotel-simplon-lyon.com\/en\/#organization"},"potentialAction":[{"@type":"SearchAction","target":{"@type":"EntryPoint","urlTemplate":"https:\/\/www.hotel-simplon-lyon.com\/en\/?s={search_term_string}"},"query-input":{"@type":"PropertyValueSpecification","valueRequired":true,"valueName":"search_term_string"}}],"inLanguage":"en-US"},{"@type":"Organization","@id":"https:\/\/www.hotel-simplon-lyon.com\/en\/#organization","name":"Globe Cecil","url":"https:\/\/www.hotel-simplon-lyon.com\/en\/","logo":{"@type":"ImageObject","inLanguage":"en-US","@id":"https:\/\/www.hotel-simplon-lyon.com\/en\/#\/schema\/logo\/image\/","url":"https:\/\/www.hotel-simplon-lyon.com\/wp-content\/uploads\/sites\/6\/2025\/05\/LOGO-Simplon-White.svg","contentUrl":"https:\/\/www.hotel-simplon-lyon.com\/wp-content\/uploads\/sites\/6\/2025\/05\/LOGO-Simplon-White.svg","width":409,"height":52,"caption":"Globe Cecil"},"image":{"@id":"https:\/\/www.hotel-simplon-lyon.com\/en\/#\/schema\/logo\/image\/"}}]}},"_links":{"self":[{"href":"https:\/\/www.hotel-simplon-lyon.com\/en\/wp-json\/wp\/v2\/pages\/1801","targetHints":{"allow":["GET"]}}],"collection":[{"href":"https:\/\/www.hotel-simplon-lyon.com\/en\/wp-json\/wp\/v2\/pages"}],"about":[{"href":"https:\/\/www.hotel-simplon-lyon.com\/en\/wp-json\/wp\/v2\/types\/page"}],"author":[{"embeddable":true,"href":"https:\/\/www.hotel-simplon-lyon.com\/en\/wp-json\/wp\/v2\/users\/2"}],"replies":[{"embeddable":true,"href":"https:\/\/www.hotel-simplon-lyon.com\/en\/wp-json\/wp\/v2\/comments?post=1801"}],"version-history":[{"count":18,"href":"https:\/\/www.hotel-simplon-lyon.com\/en\/wp-json\/wp\/v2\/pages\/1801\/revisions"}],"predecessor-version":[{"id":7746,"href":"https:\/\/www.hotel-simplon-lyon.com\/en\/wp-json\/wp\/v2\/pages\/1801\/revisions\/7746"}],"wp:attachment":[{"href":"https:\/\/www.hotel-simplon-lyon.com\/en\/wp-json\/wp\/v2\/media?parent=1801"}],"curies":[{"name":"wp","href":"https:\/\/api.w.org\/{rel}","templated":true}]}}